{"id":703,"date":"2024-02-07T12:34:25","date_gmt":"2024-02-07T09:34:25","guid":{"rendered":"https:\/\/woodworkantalya.com.tr\/?page_id=703"},"modified":"2024-02-07T12:50:20","modified_gmt":"2024-02-07T09:50:20","slug":"teslimat-ve-iade-sozlesmesi","status":"publish","type":"page","link":"http:\/\/woodworkantalya.com.tr\/index.php\/teslimat-ve-iade-sozlesmesi\/","title":{"rendered":"Teslimat ve \u0130ade S\u00f6zle\u015fmesi"},"content":{"rendered":"\n<p>MADDE 1- SATICI<br>\u00dcnvan\u0131: Woodwork Antalya G\u00fclcihan AK Bundan sonra SATICI<br>olarak ge\u00e7ecektir.<br>Adresi: Kuzeyyaka Mah. 2553 Sok. Durgun Apt. No: 17AAB Kepez\/ANTALYA<br>Telefon: <a href=\"tel:+90 544 799 47 01\">+90 544 799 47 01<\/a><br>E-mail: info@woodworkantalya.com.tr<\/p>\n\n\n\n<p><br>MADDE 2- KONU<br>\u0130\u015fbu s\u00f6zle\u015fmenin konusu, ALICI&#8217;n\u0131n SATICI&#8217;ya ait &#8220;www.woodworkantalya.com.tr&#8221;<br>internet sitesinden elektronik ortamda sipari\u015fini yapt\u0131\u011f\u0131 a\u015fa\u011f\u0131da nitelikleri ve sat\u0131\u015f<br>fiyat\u0131 belirtilen \u00fcr\u00fcn\u00fcn sat\u0131\u015f\u0131 ve teslimi ile ilgili olarak 4077 say\u0131l\u0131 T\u00fcketicilerin<br>Korunmas\u0131 Hakk\u0131ndaki Kanun ve Mesafeli S\u00f6zle\u015fmeleri Uygulama Esas ve Usulleri<br>Hakk\u0131nda Y\u00f6netmelik h\u00fck\u00fcmleri gere\u011fince taraflar\u0131n hak ve y\u00fck\u00fcml\u00fcl\u00fcklerinin<br>saptanmas\u0131d\u0131r.<\/p>\n\n\n\n<p><br>MADDE 3- S\u00d6ZLE\u015eME KONUSU \u00dcR\u00dcN<br>\u00dcr\u00fcnlerin Cinsi ve t\u00fcr\u00fc, Miktar\u0131, Sat\u0131\u015f Bedeli web sitesinde belirtildi\u011fi gibidir.<\/p>\n\n\n\n<p><br>MADDE 4- GENEL H\u00dcK\u00dcMLER<br>4.1- ALICI, SATICI\u2019ya ait https:\/\/www.woodworkantalya.com.tr internet sitesinde<br>s\u00f6zle\u015fme konusu \u00fcr\u00fcn\u00fcn\/lerin temel nitelikleri, sat\u0131\u015f fiyat\u0131 ve \u00f6deme \u015fekli ile teslimata<br>ili\u015fkin \u00f6n bilgileri okuyup bilgi sahibi oldu\u011funu ve elektronik ortamda gerekli teyidi<br>verdi\u011fini beyan eder.<br>4.2- S\u00f6zle\u015fme konusu \u00fcr\u00fcn, yasal 30 g\u00fcnl\u00fck s\u00fcreyi a\u015fmamak ko\u015fulu ile her bir \u00fcr\u00fcn<br>i\u00e7in ALICI&#8217; n\u0131n yerle\u015fim yerinin uzakl\u0131\u011f\u0131na ba\u011fl\u0131 olarak internet sitesinde \u00f6n bilgiler<br>i\u00e7inde a\u00e7\u0131klanan s\u00fcre i\u00e7inde ALICI veya g\u00f6sterdi\u011fi adresteki ki\u015fi\/kurulu\u015fa teslim edilir.<\/p>\n\n\n\n<p>4.3- S\u00f6zle\u015fme konusu \u00fcr\u00fcn, ALICI&#8217;dan ba\u015fka bir ki\u015fi\/kurulu\u015fa teslim edilecek ise,<br>teslim edilecek ki\u015fi\/kurulu\u015fun teslimat\u0131 kabul etmemesinden SATICI sorumlu<br>tutulamaz.<\/p>\n\n\n\n<p>4.4- SATICI, s\u00f6zle\u015fme konusu \u00fcr\u00fcn\u00fcn sa\u011flam, eksiksiz, sipari\u015fte belirtilen niteliklere<br>uygun ve varsa garanti belgeleri ve kullan\u0131m k\u0131lavuzlar\u0131 ile teslim edilmesinden<br>sorumludur.<\/p>\n\n\n\n<p>4.5- S\u00f6zle\u015fme konusu \u00fcr\u00fcn\u00fcn teslimat\u0131 i\u00e7in i\u015fbu s\u00f6zle\u015fmenin imzal\u0131 n\u00fcshas\u0131n\u0131n<br>SATICI&#8217;ya ula\u015ft\u0131r\u0131lm\u0131\u015f olmas\u0131 ve bedelinin ALICI&#8217;n\u0131n tercih etti\u011fi \u00f6deme \u015fekli ile<br>\u00f6denmi\u015f olmas\u0131 \u015fartt\u0131r. Herhangi bir nedenle \u00fcr\u00fcn bedeli \u00f6denmez veya banka<br>kay\u0131tlar\u0131nda iptal edilir ise, SATICI \u00fcr\u00fcn\u00fcn teslimi y\u00fck\u00fcml\u00fcl\u00fc\u011f\u00fcnden kurtulmu\u015f kabul<br>edilir.<\/p>\n\n\n\n<p><br>4.6- \u00dcr\u00fcn\u00fcn tesliminden sonra ALICI&#8217;ye ait kredi kart\u0131n\u0131n ALICI&#8217;nin kusurundan<br>kaynaklanmayan bir \u015fekilde yetkisiz ki\u015filerce haks\u0131z veya hukuka ayk\u0131r\u0131 olarak<br>kullan\u0131lmas\u0131 nedeni ile ilgili banka veya finans kurulu\u015fun \u00fcr\u00fcn bedelini SATICI&#8217;ya<br>\u00f6dememesi halinde, ALICI&#8217;n\u0131n kendisine teslim edilmi\u015f olmas\u0131 kayd\u0131yla maddi \u00fcr\u00fcn\u00fcn<br>3 g\u00fcn i\u00e7inde SATICI \u2018ya iade etmesi zorunludur. Bu takdirde maddi \u00fcr\u00fcnler i\u00e7in<br>nakliye giderleri ALICI&#8217;ye aittir.<\/p>\n\n\n\n<p><br>4.7- SATICI m\u00fccbir sebepler veya nakliyeyi engelleyen hava muhalefeti, ula\u015f\u0131m\u0131n<br>kesilmesi gibi ola\u011fan\u00fcst\u00fc durumlar nedeni ile s\u00f6zle\u015fme konusu \u00fcr\u00fcn\u00fc s\u00fcresi i\u00e7inde<br>teslim edemez ise, durumu ALICI&#8217;ya bildirmekle y\u00fck\u00fcml\u00fcd\u00fcr. Bu takdirde ALICI<br>sipari\u015fin iptal edilmesini, s\u00f6zle\u015fme konusu \u00fcr\u00fcn\u00fcn varsa emsali ile de\u011fi\u015ftirilmesini,<br>ve\/veya teslimat s\u00fcresinin engelleyici durumun ortadan kalkmas\u0131na kadar<br>ertelenmesi haklar\u0131ndan birini kullanabilir. ALICI&#8217;n\u0131n sipari\u015fi iptal etmesi halinde<br>\u00f6dedi\u011fi tutar 15 g\u00fcn i\u00e7inde kendisine nakten ve defaten \u00f6denir.<\/p>\n\n\n\n<p><br>4.8- 18 ya\u015f\u0131ndan k\u00fc\u00e7\u00fck ki\u015filer SATICI&#8217;dan al\u0131\u015fveri\u015f yapamaz.<\/p>\n\n\n\n<p><br>4.9- Dizgi ve sistem hatalar\u0131ndan meydana gelen fiyat yanl\u0131\u015fl\u0131klar\u0131ndan SATICI<br>sorumlu de\u011fildir.<\/p>\n\n\n\n<p><br>4.10- SATICI, internet sitesinden sat\u0131\u015f\u0131n\u0131 yapt\u0131\u011f\u0131 t\u00fcm \u00fcr\u00fcnlerin i\u00e7eri\u011fini, kapsam\u0131n\u0131 ve<br>\u00f6zelliklerini de\u011fi\u015ftirme ve iptal etme hakk\u0131na sahiptir.<\/p>\n\n\n\n<p><br>4.11- Sipari\u015fin ger\u00e7ekle\u015fmesi durumunda ALICI i\u015fbu s\u00f6zle\u015fmenin t\u00fcm ko\u015fullar\u0131n\u0131<br>kabul etmi\u015f say\u0131l\u0131r.<\/p>\n\n\n\n<p><br>MADDE 5- CAYMA HAKKI<br>ALICI, s\u00f6zle\u015fme konusu \u00fcr\u00fcn\u00fcn\/lerin kendisine veya g\u00f6sterdi\u011fi adresteki<br>ki\u015fi\/kurulu\u015fa tesliminden itibaren 7 g\u00fcn i\u00e7inde i\u015fbu s\u00f6zle\u015fmesinin 6. Maddesinde<br>belirtilen kurallar dahilinde cayma hakk\u0131na sahiptir. Cayma hakk\u0131n\u0131n kullan\u0131lmas\u0131 i\u00e7in<br>bu s\u00fcre i\u00e7inde SATICI&#8217;ya faks, e-posta veya telefon ile bildirimde bulunulmas\u0131 ve<br>\u00fcr\u00fcn\u00fcn 6. madde h\u00fck\u00fcmleri \u00e7er\u00e7evesinde kullan\u0131lmam\u0131\u015f olmas\u0131 \u015fartt\u0131r. Bu hakk\u0131n<br>kullan\u0131lmas\u0131 halinde, 3. ki\u015fiye veya ALICI&#8217;ya teslim edilen \u00fcr\u00fcn\u00fcn SATICI&#8217;ya<br>g\u00f6nderildi\u011fine ili\u015fkin kargo teslim tutana\u011f\u0131 \u00f6rne\u011fi ile fatura asl\u0131n\u0131n iadesi zorunludur.<br>Bu belgelerin ula\u015fmas\u0131n\u0131 takip eden maddi \u00fcr\u00fcnler i\u00e7in 15 g\u00fcn i\u00e7inde \u00fcr\u00fcn bedeli<br>ALICI&#8217;ya iade edilir. Cayma hakk\u0131 nedeni ile iade edilen \u00fcr\u00fcn\u00fcn kargo bedeli ALICI<br>taraf\u0131ndan kar\u015f\u0131lan\u0131r. Fatura asl\u0131 ibraz edilmeden iade i\u015flemi ger\u00e7ekle\u015ftirilmez.<\/p>\n\n\n\n<p><br>MADDE 6- YETK\u0130L\u0130 MAHKEME<br>\u0130\u015fbu s\u00f6zle\u015fmenin uygulanmas\u0131nda, Sanayi ve Ticaret Bakanl\u0131\u011f\u0131nca ilan edilen<br>de\u011fere kadar T\u00fcketici Hakem Heyetleri ile SATICI&#8217;n\u0131n yerle\u015fim yerindeki T\u00fcketici<br>Mahkemeleri yetkilidir.<\/p>\n","protected":false},"excerpt":{"rendered":"<p>MADDE 1- SATICI\u00dcnvan\u0131: Woodwork Antalya G\u00fclcihan AK Bundan sonra SATICIolarak ge\u00e7ecektir.Adresi: Kuzeyyaka Mah. 2553 Sok. Durgun Apt. No: 17AAB Kepez\/ANTALYATelefon: +90 544 799 47 01E-mail: info@woodworkantalya.com.tr MADDE 2- KONU\u0130\u015fbu s\u00f6zle\u015fmenin [&hellip;]<\/p>\n","protected":false},"author":1,"featured_media":0,"parent":0,"menu_order":0,"comment_status":"closed","ping_status":"closed","template":"","meta":{"footnotes":""},"class_list":["post-703","page","type-page","status-publish","hentry"],"yoast_head":"<!-- This site is optimized with the Yoast SEO plugin v25.5 - https:\/\/yoast.com\/wordpress\/plugins\/seo\/ -->\n<title>Teslimat ve \u0130ade S\u00f6zle\u015fmesi - Wood Work Antalya<\/title>\n<meta name=\"robots\" content=\"index, follow, max-snippet:-1, max-image-preview:large, max-video-preview:-1\" \/>\n<link rel=\"canonical\" href=\"http:\/\/woodworkantalya.com.tr\/index.php\/teslimat-ve-iade-sozlesmesi\/\" \/>\n<meta property=\"og:locale\" content=\"tr_TR\" \/>\n<meta property=\"og:type\" content=\"article\" \/>\n<meta property=\"og:title\" content=\"Teslimat ve \u0130ade S\u00f6zle\u015fmesi - Wood Work Antalya\" \/>\n<meta property=\"og:description\" content=\"MADDE 1- SATICI\u00dcnvan\u0131: Woodwork Antalya G\u00fclcihan AK Bundan sonra SATICIolarak ge\u00e7ecektir.Adresi: Kuzeyyaka Mah. 2553 Sok. Durgun Apt. No: 17AAB Kepez\/ANTALYATelefon: +90 544 799 47 01E-mail: info@woodworkantalya.com.tr MADDE 2- KONU\u0130\u015fbu s\u00f6zle\u015fmenin [&hellip;]\" \/>\n<meta property=\"og:url\" content=\"http:\/\/woodworkantalya.com.tr\/index.php\/teslimat-ve-iade-sozlesmesi\/\" \/>\n<meta property=\"og:site_name\" content=\"Wood Work Antalya\" \/>\n<meta property=\"article:modified_time\" content=\"2024-02-07T09:50:20+00:00\" \/>\n<meta name=\"twitter:card\" content=\"summary_large_image\" \/>\n<meta name=\"twitter:label1\" content=\"Tahmini okuma s\u00fcresi\" \/>\n\t<meta name=\"twitter:data1\" content=\"4 dakika\" \/>\n<script type=\"application\/ld+json\" class=\"yoast-schema-graph\">{\"@context\":\"https:\/\/schema.org\",\"@graph\":[{\"@type\":\"WebPage\",\"@id\":\"http:\/\/woodworkantalya.com.tr\/index.php\/teslimat-ve-iade-sozlesmesi\/\",\"url\":\"http:\/\/woodworkantalya.com.tr\/index.php\/teslimat-ve-iade-sozlesmesi\/\",\"name\":\"Teslimat ve \u0130ade S\u00f6zle\u015fmesi - Wood Work Antalya\",\"isPartOf\":{\"@id\":\"https:\/\/woodworkantalya.com.tr\/#website\"},\"datePublished\":\"2024-02-07T09:34:25+00:00\",\"dateModified\":\"2024-02-07T09:50:20+00:00\",\"breadcrumb\":{\"@id\":\"http:\/\/woodworkantalya.com.tr\/index.php\/teslimat-ve-iade-sozlesmesi\/#breadcrumb\"},\"inLanguage\":\"tr\",\"potentialAction\":[{\"@type\":\"ReadAction\",\"target\":[\"http:\/\/woodworkantalya.com.tr\/index.php\/teslimat-ve-iade-sozlesmesi\/\"]}]},{\"@type\":\"BreadcrumbList\",\"@id\":\"http:\/\/woodworkantalya.com.tr\/index.php\/teslimat-ve-iade-sozlesmesi\/#breadcrumb\",\"itemListElement\":[{\"@type\":\"ListItem\",\"position\":1,\"name\":\"Anasayfa\",\"item\":\"http:\/\/woodworkantalya.com.tr\/\"},{\"@type\":\"ListItem\",\"position\":2,\"name\":\"Teslimat ve \u0130ade S\u00f6zle\u015fmesi\"}]},{\"@type\":\"WebSite\",\"@id\":\"https:\/\/woodworkantalya.com.tr\/#website\",\"url\":\"https:\/\/woodworkantalya.com.tr\/\",\"name\":\"Wood Work Antalya\",\"description\":\"\",\"publisher\":{\"@id\":\"https:\/\/woodworkantalya.com.tr\/#organization\"},\"potentialAction\":[{\"@type\":\"SearchAction\",\"target\":{\"@type\":\"EntryPoint\",\"urlTemplate\":\"https:\/\/woodworkantalya.com.tr\/?s={search_term_string}\"},\"query-input\":{\"@type\":\"PropertyValueSpecification\",\"valueRequired\":true,\"valueName\":\"search_term_string\"}}],\"inLanguage\":\"tr\"},{\"@type\":\"Organization\",\"@id\":\"https:\/\/woodworkantalya.com.tr\/#organization\",\"name\":\"Wood Work Antalya\",\"url\":\"https:\/\/woodworkantalya.com.tr\/\",\"logo\":{\"@type\":\"ImageObject\",\"inLanguage\":\"tr\",\"@id\":\"https:\/\/woodworkantalya.com.tr\/#\/schema\/logo\/image\/\",\"url\":\"http:\/\/woodworkantalya.com.tr\/wp-content\/uploads\/2024\/01\/woodwork-logo.png\",\"contentUrl\":\"http:\/\/woodworkantalya.com.tr\/wp-content\/uploads\/2024\/01\/woodwork-logo.png\",\"width\":500,\"height\":500,\"caption\":\"Wood Work Antalya\"},\"image\":{\"@id\":\"https:\/\/woodworkantalya.com.tr\/#\/schema\/logo\/image\/\"}}]}<\/script>\n<!-- \/ Yoast SEO plugin. -->","yoast_head_json":{"title":"Teslimat ve \u0130ade S\u00f6zle\u015fmesi - Wood Work Antalya","robots":{"index":"index","follow":"follow","max-snippet":"max-snippet:-1","max-image-preview":"max-image-preview:large","max-video-preview":"max-video-preview:-1"},"canonical":"http:\/\/woodworkantalya.com.tr\/index.php\/teslimat-ve-iade-sozlesmesi\/","og_locale":"tr_TR","og_type":"article","og_title":"Teslimat ve \u0130ade S\u00f6zle\u015fmesi - Wood Work Antalya","og_description":"MADDE 1- SATICI\u00dcnvan\u0131: Woodwork Antalya G\u00fclcihan AK Bundan sonra SATICIolarak ge\u00e7ecektir.Adresi: Kuzeyyaka Mah. 2553 Sok. Durgun Apt. No: 17AAB Kepez\/ANTALYATelefon: +90 544 799 47 01E-mail: info@woodworkantalya.com.tr MADDE 2- KONU\u0130\u015fbu s\u00f6zle\u015fmenin [&hellip;]","og_url":"http:\/\/woodworkantalya.com.tr\/index.php\/teslimat-ve-iade-sozlesmesi\/","og_site_name":"Wood Work Antalya","article_modified_time":"2024-02-07T09:50:20+00:00","twitter_card":"summary_large_image","twitter_misc":{"Tahmini okuma s\u00fcresi":"4 dakika"},"schema":{"@context":"https:\/\/schema.org","@graph":[{"@type":"WebPage","@id":"http:\/\/woodworkantalya.com.tr\/index.php\/teslimat-ve-iade-sozlesmesi\/","url":"http:\/\/woodworkantalya.com.tr\/index.php\/teslimat-ve-iade-sozlesmesi\/","name":"Teslimat ve \u0130ade S\u00f6zle\u015fmesi - Wood Work Antalya","isPartOf":{"@id":"https:\/\/woodworkantalya.com.tr\/#website"},"datePublished":"2024-02-07T09:34:25+00:00","dateModified":"2024-02-07T09:50:20+00:00","breadcrumb":{"@id":"http:\/\/woodworkantalya.com.tr\/index.php\/teslimat-ve-iade-sozlesmesi\/#breadcrumb"},"inLanguage":"tr","potentialAction":[{"@type":"ReadAction","target":["http:\/\/woodworkantalya.com.tr\/index.php\/teslimat-ve-iade-sozlesmesi\/"]}]},{"@type":"BreadcrumbList","@id":"http:\/\/woodworkantalya.com.tr\/index.php\/teslimat-ve-iade-sozlesmesi\/#breadcrumb","itemListElement":[{"@type":"ListItem","position":1,"name":"Anasayfa","item":"http:\/\/woodworkantalya.com.tr\/"},{"@type":"ListItem","position":2,"name":"Teslimat ve \u0130ade S\u00f6zle\u015fmesi"}]},{"@type":"WebSite","@id":"https:\/\/woodworkantalya.com.tr\/#website","url":"https:\/\/woodworkantalya.com.tr\/","name":"Wood Work Antalya","description":"","publisher":{"@id":"https:\/\/woodworkantalya.com.tr\/#organization"},"potentialAction":[{"@type":"SearchAction","target":{"@type":"EntryPoint","urlTemplate":"https:\/\/woodworkantalya.com.tr\/?s={search_term_string}"},"query-input":{"@type":"PropertyValueSpecification","valueRequired":true,"valueName":"search_term_string"}}],"inLanguage":"tr"},{"@type":"Organization","@id":"https:\/\/woodworkantalya.com.tr\/#organization","name":"Wood Work Antalya","url":"https:\/\/woodworkantalya.com.tr\/","logo":{"@type":"ImageObject","inLanguage":"tr","@id":"https:\/\/woodworkantalya.com.tr\/#\/schema\/logo\/image\/","url":"http:\/\/woodworkantalya.com.tr\/wp-content\/uploads\/2024\/01\/woodwork-logo.png","contentUrl":"http:\/\/woodworkantalya.com.tr\/wp-content\/uploads\/2024\/01\/woodwork-logo.png","width":500,"height":500,"caption":"Wood Work Antalya"},"image":{"@id":"https:\/\/woodworkantalya.com.tr\/#\/schema\/logo\/image\/"}}]}},"_links":{"self":[{"href":"http:\/\/woodworkantalya.com.tr\/index.php\/wp-json\/wp\/v2\/pages\/703","targetHints":{"allow":["GET"]}}],"collection":[{"href":"http:\/\/woodworkantalya.com.tr\/index.php\/wp-json\/wp\/v2\/pages"}],"about":[{"href":"http:\/\/woodworkantalya.com.tr\/index.php\/wp-json\/wp\/v2\/types\/page"}],"author":[{"embeddable":true,"href":"http:\/\/woodworkantalya.com.tr\/index.php\/wp-json\/wp\/v2\/users\/1"}],"replies":[{"embeddable":true,"href":"http:\/\/woodworkantalya.com.tr\/index.php\/wp-json\/wp\/v2\/comments?post=703"}],"version-history":[{"count":4,"href":"http:\/\/woodworkantalya.com.tr\/index.php\/wp-json\/wp\/v2\/pages\/703\/revisions"}],"predecessor-version":[{"id":715,"href":"http:\/\/woodworkantalya.com.tr\/index.php\/wp-json\/wp\/v2\/pages\/703\/revisions\/715"}],"wp:attachment":[{"href":"http:\/\/woodworkantalya.com.tr\/index.php\/wp-json\/wp\/v2\/media?parent=703"}],"curies":[{"name":"wp","href":"https:\/\/api.w.org\/{rel}","templated":true}]}}