{"id":1091,"date":"2024-02-24T15:35:33","date_gmt":"2024-02-24T12:35:33","guid":{"rendered":"https:\/\/woodworkantalya.com.tr\/?post_type=product&#038;p=1091"},"modified":"2026-04-05T14:32:13","modified_gmt":"2026-04-05T11:32:13","slug":"berjer-tik-bej","status":"publish","type":"product","link":"http:\/\/woodworkantalya.com.tr\/index.php\/urun\/berjer-tik-bej\/","title":{"rendered":"Berjer Tik Bej"},"content":{"rendered":"<p>\u00dcr\u00fcn\u00fcm\u00fcz 1 Adet \u0130skelet , 1 Adet Oturma Minderi , 1 Adet S\u0131rt Yast\u0131\u011f\u0131 ve 1 Adet K\u0131rlent \u015eeklinde G\u00f6nderilecektir. \u00dcr\u00fcn\u00fcm\u00fcz\u00fcn \u0130skeleti F\u0131r\u0131nlanm\u0131\u015f Masif \u00c7am A\u011fac\u0131ndan Tamamen El \u0130\u015f\u00e7ili\u011fi ile \u00dcretilmektedir. \u00dcr\u00fcn\u00fcm\u00fczde Su Bazl\u0131 (Pinotex) Ah\u015fap Koruyucu Uygulanm\u0131\u015ft\u0131r. \u00dcr\u00fcn\u00fcm\u00fcz\u00fcn Minderi Keten Kuma\u015f ve Minder Dolgusu Boncuk Elyaf ve K\u0131rp\u0131k S\u00fcnger Kar\u0131\u015f\u0131m\u0131ndan Olu\u015fmaktad\u0131r. \u00dcr\u00fcn\u00fcm\u00fcz\u00fcn S\u0131rt ve Kollar\u0131 Demonte Bir \u015eekilde G\u00f6nderilmektedir Kurulumu Son Derece Basit Olup Vida ve Kurulum Klavuzu Kutu \u0130\u00e7erisindedir. Foto\u011fraf \u00c7ekiminde Kullan\u0131lan Aksesuarlar Fiyata Dahil De\u011fildir.<\/p>\n","protected":false},"excerpt":{"rendered":"<p>\u00dcr\u00fcn\u00fcm\u00fcz 1 Adet \u0130skelet , 1 Adet Oturma Minderi , 1 Adet S\u0131rt Yast\u0131\u011f\u0131 ve 1 Adet K\u0131rlent \u015eeklinde G\u00f6nderilecektir. \u00dcr\u00fcn\u00fcm\u00fcz\u00fcn \u0130skeleti F\u0131r\u0131nlanm\u0131\u015f Masif \u00c7am A\u011fac\u0131ndan Tamamen El \u0130\u015f\u00e7ili\u011fi ile [&hellip;]<\/p>\n","protected":false},"featured_media":1099,"comment_status":"open","ping_status":"closed","template":"","meta":[],"product_brand":[],"product_cat":[26,44],"product_tag":[],"class_list":{"0":"post-1091","1":"product","2":"type-product","3":"status-publish","4":"has-post-thumbnail","6":"product_cat-berjerler","7":"product_cat-oturma-odalari","9":"first","10":"instock","11":"sale","12":"shipping-taxable","13":"purchasable","14":"product-type-simple"},"yoast_head":"<!-- This site is optimized with the Yoast SEO plugin v25.5 - https:\/\/yoast.com\/wordpress\/plugins\/seo\/ -->\n<title>Berjer Tik Bej - Wood Work Antalya<\/title>\n<meta name=\"robots\" content=\"index, follow, max-snippet:-1, max-image-preview:large, max-video-preview:-1\" \/>\n<link rel=\"canonical\" href=\"http:\/\/woodworkantalya.com.tr\/index.php\/urun\/berjer-tik-bej\/\" \/>\n<meta property=\"og:locale\" content=\"tr_TR\" \/>\n<meta property=\"og:type\" content=\"article\" \/>\n<meta property=\"og:title\" content=\"Berjer Tik Bej - Wood Work Antalya\" \/>\n<meta property=\"og:description\" content=\"\u00dcr\u00fcn\u00fcm\u00fcz 1 Adet \u0130skelet , 1 Adet Oturma Minderi , 1 Adet S\u0131rt Yast\u0131\u011f\u0131 ve 1 Adet K\u0131rlent \u015eeklinde G\u00f6nderilecektir. \u00dcr\u00fcn\u00fcm\u00fcz\u00fcn \u0130skeleti F\u0131r\u0131nlanm\u0131\u015f Masif \u00c7am A\u011fac\u0131ndan Tamamen El \u0130\u015f\u00e7ili\u011fi ile [&hellip;]\" \/>\n<meta property=\"og:url\" content=\"http:\/\/woodworkantalya.com.tr\/index.php\/urun\/berjer-tik-bej\/\" \/>\n<meta property=\"og:site_name\" content=\"Wood Work Antalya\" \/>\n<meta property=\"article:modified_time\" content=\"2026-04-05T11:32:13+00:00\" \/>\n<meta property=\"og:image\" content=\"http:\/\/woodworkantalya.com.tr\/wp-content\/uploads\/2024\/02\/4-39.jpg\" \/>\n\t<meta property=\"og:image:width\" content=\"2000\" \/>\n\t<meta property=\"og:image:height\" content=\"2000\" \/>\n\t<meta property=\"og:image:type\" content=\"image\/jpeg\" \/>\n<meta name=\"twitter:card\" content=\"summary_large_image\" \/>\n<meta name=\"twitter:label1\" content=\"Tahmini okuma s\u00fcresi\" \/>\n\t<meta name=\"twitter:data1\" content=\"1 dakika\" \/>\n<script type=\"application\/ld+json\" class=\"yoast-schema-graph\">{\"@context\":\"https:\/\/schema.org\",\"@graph\":[{\"@type\":\"WebPage\",\"@id\":\"http:\/\/woodworkantalya.com.tr\/index.php\/urun\/berjer-tik-bej\/\",\"url\":\"http:\/\/woodworkantalya.com.tr\/index.php\/urun\/berjer-tik-bej\/\",\"name\":\"Berjer Tik Bej - Wood Work Antalya\",\"isPartOf\":{\"@id\":\"https:\/\/woodworkantalya.com.tr\/#website\"},\"primaryImageOfPage\":{\"@id\":\"http:\/\/woodworkantalya.com.tr\/index.php\/urun\/berjer-tik-bej\/#primaryimage\"},\"image\":{\"@id\":\"http:\/\/woodworkantalya.com.tr\/index.php\/urun\/berjer-tik-bej\/#primaryimage\"},\"thumbnailUrl\":\"http:\/\/woodworkantalya.com.tr\/wp-content\/uploads\/2024\/02\/4-39.jpg\",\"datePublished\":\"2024-02-24T12:35:33+00:00\",\"dateModified\":\"2026-04-05T11:32:13+00:00\",\"breadcrumb\":{\"@id\":\"http:\/\/woodworkantalya.com.tr\/index.php\/urun\/berjer-tik-bej\/#breadcrumb\"},\"inLanguage\":\"tr\",\"potentialAction\":[{\"@type\":\"ReadAction\",\"target\":[\"http:\/\/woodworkantalya.com.tr\/index.php\/urun\/berjer-tik-bej\/\"]}]},{\"@type\":\"ImageObject\",\"inLanguage\":\"tr\",\"@id\":\"http:\/\/woodworkantalya.com.tr\/index.php\/urun\/berjer-tik-bej\/#primaryimage\",\"url\":\"http:\/\/woodworkantalya.com.tr\/wp-content\/uploads\/2024\/02\/4-39.jpg\",\"contentUrl\":\"http:\/\/woodworkantalya.com.tr\/wp-content\/uploads\/2024\/02\/4-39.jpg\",\"width\":2000,\"height\":2000},{\"@type\":\"BreadcrumbList\",\"@id\":\"http:\/\/woodworkantalya.com.tr\/index.php\/urun\/berjer-tik-bej\/#breadcrumb\",\"itemListElement\":[{\"@type\":\"ListItem\",\"position\":1,\"name\":\"Anasayfa\",\"item\":\"https:\/\/woodworkantalya.com.tr\/\"},{\"@type\":\"ListItem\",\"position\":2,\"name\":\"T\u00fcm \u00dcr\u00fcnler\",\"item\":\"https:\/\/woodworkantalya.com.tr\/index.php\/shop\/\"},{\"@type\":\"ListItem\",\"position\":3,\"name\":\"Berjer Tik Bej\"}]},{\"@type\":\"WebSite\",\"@id\":\"https:\/\/woodworkantalya.com.tr\/#website\",\"url\":\"https:\/\/woodworkantalya.com.tr\/\",\"name\":\"Wood Work Antalya\",\"description\":\"\",\"publisher\":{\"@id\":\"https:\/\/woodworkantalya.com.tr\/#organization\"},\"potentialAction\":[{\"@type\":\"SearchAction\",\"target\":{\"@type\":\"EntryPoint\",\"urlTemplate\":\"https:\/\/woodworkantalya.com.tr\/?s={search_term_string}\"},\"query-input\":{\"@type\":\"PropertyValueSpecification\",\"valueRequired\":true,\"valueName\":\"search_term_string\"}}],\"inLanguage\":\"tr\"},{\"@type\":\"Organization\",\"@id\":\"https:\/\/woodworkantalya.com.tr\/#organization\",\"name\":\"Wood Work Antalya\",\"url\":\"https:\/\/woodworkantalya.com.tr\/\",\"logo\":{\"@type\":\"ImageObject\",\"inLanguage\":\"tr\",\"@id\":\"https:\/\/woodworkantalya.com.tr\/#\/schema\/logo\/image\/\",\"url\":\"http:\/\/woodworkantalya.com.tr\/wp-content\/uploads\/2024\/01\/woodwork-logo.png\",\"contentUrl\":\"http:\/\/woodworkantalya.com.tr\/wp-content\/uploads\/2024\/01\/woodwork-logo.png\",\"width\":500,\"height\":500,\"caption\":\"Wood Work Antalya\"},\"image\":{\"@id\":\"https:\/\/woodworkantalya.com.tr\/#\/schema\/logo\/image\/\"}}]}<\/script>\n<!-- \/ Yoast SEO plugin. -->","yoast_head_json":{"title":"Berjer Tik Bej - Wood Work Antalya","robots":{"index":"index","follow":"follow","max-snippet":"max-snippet:-1","max-image-preview":"max-image-preview:large","max-video-preview":"max-video-preview:-1"},"canonical":"http:\/\/woodworkantalya.com.tr\/index.php\/urun\/berjer-tik-bej\/","og_locale":"tr_TR","og_type":"article","og_title":"Berjer Tik Bej - Wood Work Antalya","og_description":"\u00dcr\u00fcn\u00fcm\u00fcz 1 Adet \u0130skelet , 1 Adet Oturma Minderi , 1 Adet S\u0131rt Yast\u0131\u011f\u0131 ve 1 Adet K\u0131rlent \u015eeklinde G\u00f6nderilecektir. \u00dcr\u00fcn\u00fcm\u00fcz\u00fcn \u0130skeleti F\u0131r\u0131nlanm\u0131\u015f Masif \u00c7am A\u011fac\u0131ndan Tamamen El \u0130\u015f\u00e7ili\u011fi ile [&hellip;]","og_url":"http:\/\/woodworkantalya.com.tr\/index.php\/urun\/berjer-tik-bej\/","og_site_name":"Wood Work Antalya","article_modified_time":"2026-04-05T11:32:13+00:00","og_image":[{"width":2000,"height":2000,"url":"http:\/\/woodworkantalya.com.tr\/wp-content\/uploads\/2024\/02\/4-39.jpg","type":"image\/jpeg"}],"twitter_card":"summary_large_image","twitter_misc":{"Tahmini okuma s\u00fcresi":"1 dakika"},"schema":{"@context":"https:\/\/schema.org","@graph":[{"@type":"WebPage","@id":"http:\/\/woodworkantalya.com.tr\/index.php\/urun\/berjer-tik-bej\/","url":"http:\/\/woodworkantalya.com.tr\/index.php\/urun\/berjer-tik-bej\/","name":"Berjer Tik Bej - Wood Work Antalya","isPartOf":{"@id":"https:\/\/woodworkantalya.com.tr\/#website"},"primaryImageOfPage":{"@id":"http:\/\/woodworkantalya.com.tr\/index.php\/urun\/berjer-tik-bej\/#primaryimage"},"image":{"@id":"http:\/\/woodworkantalya.com.tr\/index.php\/urun\/berjer-tik-bej\/#primaryimage"},"thumbnailUrl":"http:\/\/woodworkantalya.com.tr\/wp-content\/uploads\/2024\/02\/4-39.jpg","datePublished":"2024-02-24T12:35:33+00:00","dateModified":"2026-04-05T11:32:13+00:00","breadcrumb":{"@id":"http:\/\/woodworkantalya.com.tr\/index.php\/urun\/berjer-tik-bej\/#breadcrumb"},"inLanguage":"tr","potentialAction":[{"@type":"ReadAction","target":["http:\/\/woodworkantalya.com.tr\/index.php\/urun\/berjer-tik-bej\/"]}]},{"@type":"ImageObject","inLanguage":"tr","@id":"http:\/\/woodworkantalya.com.tr\/index.php\/urun\/berjer-tik-bej\/#primaryimage","url":"http:\/\/woodworkantalya.com.tr\/wp-content\/uploads\/2024\/02\/4-39.jpg","contentUrl":"http:\/\/woodworkantalya.com.tr\/wp-content\/uploads\/2024\/02\/4-39.jpg","width":2000,"height":2000},{"@type":"BreadcrumbList","@id":"http:\/\/woodworkantalya.com.tr\/index.php\/urun\/berjer-tik-bej\/#breadcrumb","itemListElement":[{"@type":"ListItem","position":1,"name":"Anasayfa","item":"https:\/\/woodworkantalya.com.tr\/"},{"@type":"ListItem","position":2,"name":"T\u00fcm \u00dcr\u00fcnler","item":"https:\/\/woodworkantalya.com.tr\/index.php\/shop\/"},{"@type":"ListItem","position":3,"name":"Berjer Tik Bej"}]},{"@type":"WebSite","@id":"https:\/\/woodworkantalya.com.tr\/#website","url":"https:\/\/woodworkantalya.com.tr\/","name":"Wood Work Antalya","description":"","publisher":{"@id":"https:\/\/woodworkantalya.com.tr\/#organization"},"potentialAction":[{"@type":"SearchAction","target":{"@type":"EntryPoint","urlTemplate":"https:\/\/woodworkantalya.com.tr\/?s={search_term_string}"},"query-input":{"@type":"PropertyValueSpecification","valueRequired":true,"valueName":"search_term_string"}}],"inLanguage":"tr"},{"@type":"Organization","@id":"https:\/\/woodworkantalya.com.tr\/#organization","name":"Wood Work Antalya","url":"https:\/\/woodworkantalya.com.tr\/","logo":{"@type":"ImageObject","inLanguage":"tr","@id":"https:\/\/woodworkantalya.com.tr\/#\/schema\/logo\/image\/","url":"http:\/\/woodworkantalya.com.tr\/wp-content\/uploads\/2024\/01\/woodwork-logo.png","contentUrl":"http:\/\/woodworkantalya.com.tr\/wp-content\/uploads\/2024\/01\/woodwork-logo.png","width":500,"height":500,"caption":"Wood Work Antalya"},"image":{"@id":"https:\/\/woodworkantalya.com.tr\/#\/schema\/logo\/image\/"}}]}},"_links":{"self":[{"href":"http:\/\/woodworkantalya.com.tr\/index.php\/wp-json\/wp\/v2\/product\/1091","targetHints":{"allow":["GET"]}}],"collection":[{"href":"http:\/\/woodworkantalya.com.tr\/index.php\/wp-json\/wp\/v2\/product"}],"about":[{"href":"http:\/\/woodworkantalya.com.tr\/index.php\/wp-json\/wp\/v2\/types\/product"}],"replies":[{"embeddable":true,"href":"http:\/\/woodworkantalya.com.tr\/index.php\/wp-json\/wp\/v2\/comments?post=1091"}],"wp:featuredmedia":[{"embeddable":true,"href":"http:\/\/woodworkantalya.com.tr\/index.php\/wp-json\/wp\/v2\/media\/1099"}],"wp:attachment":[{"href":"http:\/\/woodworkantalya.com.tr\/index.php\/wp-json\/wp\/v2\/media?parent=1091"}],"wp:term":[{"taxonomy":"product_brand","embeddable":true,"href":"http:\/\/woodworkantalya.com.tr\/index.php\/wp-json\/wp\/v2\/product_brand?post=1091"},{"taxonomy":"product_cat","embeddable":true,"href":"http:\/\/woodworkantalya.com.tr\/index.php\/wp-json\/wp\/v2\/product_cat?post=1091"},{"taxonomy":"product_tag","embeddable":true,"href":"http:\/\/woodworkantalya.com.tr\/index.php\/wp-json\/wp\/v2\/product_tag?post=1091"}],"curies":[{"name":"wp","href":"https:\/\/api.w.org\/{rel}","templated":true}]}}