{"id":1124,"date":"2024-02-24T15:48:54","date_gmt":"2024-02-24T12:48:54","guid":{"rendered":"https:\/\/woodworkantalya.com.tr\/?post_type=product&#038;p=1124"},"modified":"2025-10-27T14:32:06","modified_gmt":"2025-10-27T11:32:06","slug":"beyaz-ayak-tik-masa","status":"publish","type":"product","link":"http:\/\/woodworkantalya.com.tr\/index.php\/urun\/beyaz-ayak-tik-masa\/","title":{"rendered":"Beyaz Ayak Tik renk 120&#215;60 Masa"},"content":{"rendered":"","protected":false},"excerpt":{"rendered":"","protected":false},"featured_media":1127,"comment_status":"open","ping_status":"closed","template":"","meta":[],"product_brand":[],"product_cat":[38,43],"product_tag":[],"class_list":{"0":"post-1124","1":"product","2":"type-product","3":"status-publish","4":"has-post-thumbnail","6":"product_cat-yemek-masalari","7":"product_cat-yemek-odalari","9":"first","10":"instock","11":"sale","12":"shipping-taxable","13":"purchasable","14":"product-type-simple"},"yoast_head":"<!-- This site is optimized with the Yoast SEO plugin v25.5 - https:\/\/yoast.com\/wordpress\/plugins\/seo\/ -->\n<title>Beyaz Ayak Tik renk 120x60 Masa - Wood Work Antalya<\/title>\n<meta name=\"robots\" content=\"index, follow, max-snippet:-1, max-image-preview:large, max-video-preview:-1\" \/>\n<link rel=\"canonical\" href=\"http:\/\/woodworkantalya.com.tr\/index.php\/urun\/beyaz-ayak-tik-masa\/\" \/>\n<meta property=\"og:locale\" content=\"tr_TR\" \/>\n<meta property=\"og:type\" content=\"article\" \/>\n<meta property=\"og:title\" content=\"Beyaz Ayak Tik renk 120x60 Masa - Wood Work Antalya\" \/>\n<meta property=\"og:url\" content=\"http:\/\/woodworkantalya.com.tr\/index.php\/urun\/beyaz-ayak-tik-masa\/\" \/>\n<meta property=\"og:site_name\" content=\"Wood Work Antalya\" \/>\n<meta property=\"article:modified_time\" content=\"2025-10-27T11:32:06+00:00\" \/>\n<meta property=\"og:image\" content=\"http:\/\/woodworkantalya.com.tr\/wp-content\/uploads\/2024\/02\/MB2.jpg\" \/>\n\t<meta property=\"og:image:width\" content=\"2000\" \/>\n\t<meta property=\"og:image:height\" content=\"2000\" \/>\n\t<meta property=\"og:image:type\" content=\"image\/jpeg\" \/>\n<meta name=\"twitter:card\" content=\"summary_large_image\" \/>\n<script type=\"application\/ld+json\" class=\"yoast-schema-graph\">{\"@context\":\"https:\/\/schema.org\",\"@graph\":[{\"@type\":\"WebPage\",\"@id\":\"http:\/\/woodworkantalya.com.tr\/index.php\/urun\/beyaz-ayak-tik-masa\/\",\"url\":\"http:\/\/woodworkantalya.com.tr\/index.php\/urun\/beyaz-ayak-tik-masa\/\",\"name\":\"Beyaz Ayak Tik renk 120x60 Masa - Wood Work Antalya\",\"isPartOf\":{\"@id\":\"https:\/\/woodworkantalya.com.tr\/#website\"},\"primaryImageOfPage\":{\"@id\":\"http:\/\/woodworkantalya.com.tr\/index.php\/urun\/beyaz-ayak-tik-masa\/#primaryimage\"},\"image\":{\"@id\":\"http:\/\/woodworkantalya.com.tr\/index.php\/urun\/beyaz-ayak-tik-masa\/#primaryimage\"},\"thumbnailUrl\":\"http:\/\/woodworkantalya.com.tr\/wp-content\/uploads\/2024\/02\/MB2.jpg\",\"datePublished\":\"2024-02-24T12:48:54+00:00\",\"dateModified\":\"2025-10-27T11:32:06+00:00\",\"breadcrumb\":{\"@id\":\"http:\/\/woodworkantalya.com.tr\/index.php\/urun\/beyaz-ayak-tik-masa\/#breadcrumb\"},\"inLanguage\":\"tr\",\"potentialAction\":[{\"@type\":\"ReadAction\",\"target\":[\"http:\/\/woodworkantalya.com.tr\/index.php\/urun\/beyaz-ayak-tik-masa\/\"]}]},{\"@type\":\"ImageObject\",\"inLanguage\":\"tr\",\"@id\":\"http:\/\/woodworkantalya.com.tr\/index.php\/urun\/beyaz-ayak-tik-masa\/#primaryimage\",\"url\":\"http:\/\/woodworkantalya.com.tr\/wp-content\/uploads\/2024\/02\/MB2.jpg\",\"contentUrl\":\"http:\/\/woodworkantalya.com.tr\/wp-content\/uploads\/2024\/02\/MB2.jpg\",\"width\":2000,\"height\":2000},{\"@type\":\"BreadcrumbList\",\"@id\":\"http:\/\/woodworkantalya.com.tr\/index.php\/urun\/beyaz-ayak-tik-masa\/#breadcrumb\",\"itemListElement\":[{\"@type\":\"ListItem\",\"position\":1,\"name\":\"Anasayfa\",\"item\":\"http:\/\/woodworkantalya.com.tr\/\"},{\"@type\":\"ListItem\",\"position\":2,\"name\":\"T\u00fcm \u00dcr\u00fcnler\",\"item\":\"http:\/\/woodworkantalya.com.tr\/index.php\/shop\/\"},{\"@type\":\"ListItem\",\"position\":3,\"name\":\"Beyaz Ayak Tik renk 120&#215;60 Masa\"}]},{\"@type\":\"WebSite\",\"@id\":\"https:\/\/woodworkantalya.com.tr\/#website\",\"url\":\"https:\/\/woodworkantalya.com.tr\/\",\"name\":\"Wood Work Antalya\",\"description\":\"\",\"publisher\":{\"@id\":\"https:\/\/woodworkantalya.com.tr\/#organization\"},\"potentialAction\":[{\"@type\":\"SearchAction\",\"target\":{\"@type\":\"EntryPoint\",\"urlTemplate\":\"https:\/\/woodworkantalya.com.tr\/?s={search_term_string}\"},\"query-input\":{\"@type\":\"PropertyValueSpecification\",\"valueRequired\":true,\"valueName\":\"search_term_string\"}}],\"inLanguage\":\"tr\"},{\"@type\":\"Organization\",\"@id\":\"https:\/\/woodworkantalya.com.tr\/#organization\",\"name\":\"Wood Work Antalya\",\"url\":\"https:\/\/woodworkantalya.com.tr\/\",\"logo\":{\"@type\":\"ImageObject\",\"inLanguage\":\"tr\",\"@id\":\"https:\/\/woodworkantalya.com.tr\/#\/schema\/logo\/image\/\",\"url\":\"http:\/\/woodworkantalya.com.tr\/wp-content\/uploads\/2024\/01\/woodwork-logo.png\",\"contentUrl\":\"http:\/\/woodworkantalya.com.tr\/wp-content\/uploads\/2024\/01\/woodwork-logo.png\",\"width\":500,\"height\":500,\"caption\":\"Wood Work Antalya\"},\"image\":{\"@id\":\"https:\/\/woodworkantalya.com.tr\/#\/schema\/logo\/image\/\"}}]}<\/script>\n<!-- \/ Yoast SEO plugin. -->","yoast_head_json":{"title":"Beyaz Ayak Tik renk 120x60 Masa - Wood Work Antalya","robots":{"index":"index","follow":"follow","max-snippet":"max-snippet:-1","max-image-preview":"max-image-preview:large","max-video-preview":"max-video-preview:-1"},"canonical":"http:\/\/woodworkantalya.com.tr\/index.php\/urun\/beyaz-ayak-tik-masa\/","og_locale":"tr_TR","og_type":"article","og_title":"Beyaz Ayak Tik renk 120x60 Masa - Wood Work Antalya","og_url":"http:\/\/woodworkantalya.com.tr\/index.php\/urun\/beyaz-ayak-tik-masa\/","og_site_name":"Wood Work Antalya","article_modified_time":"2025-10-27T11:32:06+00:00","og_image":[{"width":2000,"height":2000,"url":"http:\/\/woodworkantalya.com.tr\/wp-content\/uploads\/2024\/02\/MB2.jpg","type":"image\/jpeg"}],"twitter_card":"summary_large_image","schema":{"@context":"https:\/\/schema.org","@graph":[{"@type":"WebPage","@id":"http:\/\/woodworkantalya.com.tr\/index.php\/urun\/beyaz-ayak-tik-masa\/","url":"http:\/\/woodworkantalya.com.tr\/index.php\/urun\/beyaz-ayak-tik-masa\/","name":"Beyaz Ayak Tik renk 120x60 Masa - Wood Work Antalya","isPartOf":{"@id":"https:\/\/woodworkantalya.com.tr\/#website"},"primaryImageOfPage":{"@id":"http:\/\/woodworkantalya.com.tr\/index.php\/urun\/beyaz-ayak-tik-masa\/#primaryimage"},"image":{"@id":"http:\/\/woodworkantalya.com.tr\/index.php\/urun\/beyaz-ayak-tik-masa\/#primaryimage"},"thumbnailUrl":"http:\/\/woodworkantalya.com.tr\/wp-content\/uploads\/2024\/02\/MB2.jpg","datePublished":"2024-02-24T12:48:54+00:00","dateModified":"2025-10-27T11:32:06+00:00","breadcrumb":{"@id":"http:\/\/woodworkantalya.com.tr\/index.php\/urun\/beyaz-ayak-tik-masa\/#breadcrumb"},"inLanguage":"tr","potentialAction":[{"@type":"ReadAction","target":["http:\/\/woodworkantalya.com.tr\/index.php\/urun\/beyaz-ayak-tik-masa\/"]}]},{"@type":"ImageObject","inLanguage":"tr","@id":"http:\/\/woodworkantalya.com.tr\/index.php\/urun\/beyaz-ayak-tik-masa\/#primaryimage","url":"http:\/\/woodworkantalya.com.tr\/wp-content\/uploads\/2024\/02\/MB2.jpg","contentUrl":"http:\/\/woodworkantalya.com.tr\/wp-content\/uploads\/2024\/02\/MB2.jpg","width":2000,"height":2000},{"@type":"BreadcrumbList","@id":"http:\/\/woodworkantalya.com.tr\/index.php\/urun\/beyaz-ayak-tik-masa\/#breadcrumb","itemListElement":[{"@type":"ListItem","position":1,"name":"Anasayfa","item":"http:\/\/woodworkantalya.com.tr\/"},{"@type":"ListItem","position":2,"name":"T\u00fcm \u00dcr\u00fcnler","item":"http:\/\/woodworkantalya.com.tr\/index.php\/shop\/"},{"@type":"ListItem","position":3,"name":"Beyaz Ayak Tik renk 120&#215;60 Masa"}]},{"@type":"WebSite","@id":"https:\/\/woodworkantalya.com.tr\/#website","url":"https:\/\/woodworkantalya.com.tr\/","name":"Wood Work Antalya","description":"","publisher":{"@id":"https:\/\/woodworkantalya.com.tr\/#organization"},"potentialAction":[{"@type":"SearchAction","target":{"@type":"EntryPoint","urlTemplate":"https:\/\/woodworkantalya.com.tr\/?s={search_term_string}"},"query-input":{"@type":"PropertyValueSpecification","valueRequired":true,"valueName":"search_term_string"}}],"inLanguage":"tr"},{"@type":"Organization","@id":"https:\/\/woodworkantalya.com.tr\/#organization","name":"Wood Work Antalya","url":"https:\/\/woodworkantalya.com.tr\/","logo":{"@type":"ImageObject","inLanguage":"tr","@id":"https:\/\/woodworkantalya.com.tr\/#\/schema\/logo\/image\/","url":"http:\/\/woodworkantalya.com.tr\/wp-content\/uploads\/2024\/01\/woodwork-logo.png","contentUrl":"http:\/\/woodworkantalya.com.tr\/wp-content\/uploads\/2024\/01\/woodwork-logo.png","width":500,"height":500,"caption":"Wood Work Antalya"},"image":{"@id":"https:\/\/woodworkantalya.com.tr\/#\/schema\/logo\/image\/"}}]}},"_links":{"self":[{"href":"http:\/\/woodworkantalya.com.tr\/index.php\/wp-json\/wp\/v2\/product\/1124","targetHints":{"allow":["GET"]}}],"collection":[{"href":"http:\/\/woodworkantalya.com.tr\/index.php\/wp-json\/wp\/v2\/product"}],"about":[{"href":"http:\/\/woodworkantalya.com.tr\/index.php\/wp-json\/wp\/v2\/types\/product"}],"replies":[{"embeddable":true,"href":"http:\/\/woodworkantalya.com.tr\/index.php\/wp-json\/wp\/v2\/comments?post=1124"}],"wp:featuredmedia":[{"embeddable":true,"href":"http:\/\/woodworkantalya.com.tr\/index.php\/wp-json\/wp\/v2\/media\/1127"}],"wp:attachment":[{"href":"http:\/\/woodworkantalya.com.tr\/index.php\/wp-json\/wp\/v2\/media?parent=1124"}],"wp:term":[{"taxonomy":"product_brand","embeddable":true,"href":"http:\/\/woodworkantalya.com.tr\/index.php\/wp-json\/wp\/v2\/product_brand?post=1124"},{"taxonomy":"product_cat","embeddable":true,"href":"http:\/\/woodworkantalya.com.tr\/index.php\/wp-json\/wp\/v2\/product_cat?post=1124"},{"taxonomy":"product_tag","embeddable":true,"href":"http:\/\/woodworkantalya.com.tr\/index.php\/wp-json\/wp\/v2\/product_tag?post=1124"}],"curies":[{"name":"wp","href":"https:\/\/api.w.org\/{rel}","templated":true}]}}