{"id":1149,"date":"2024-02-24T16:01:51","date_gmt":"2024-02-24T13:01:51","guid":{"rendered":"https:\/\/woodworkantalya.com.tr\/?post_type=product&#038;p=1149"},"modified":"2025-04-12T15:28:03","modified_gmt":"2025-04-12T12:28:03","slug":"c-yan-sehpa-ahsap-tik","status":"publish","type":"product","link":"http:\/\/woodworkantalya.com.tr\/index.php\/urun\/c-yan-sehpa-ahsap-tik\/","title":{"rendered":"C Yan Sehpa Ah\u015fap Tik Renk"},"content":{"rendered":"<table>\n<tbody>\n<tr>\n<td class=\"no-border\">\n<div id=\"productDescriptionContent\">\n<p>C Yan Sehpa Kullan\u0131m\u0131 Konusunda Yeme\u011finizi Yiyebilir, \u0130\u00e7ece\u011finizi \u0130\u00e7ebilir, Kumanda, Telefon, Tablet, Laptop vb. \u00dcr\u00fcnlerinizi \u00dczerine Koyarak Elinizin Alt\u0131nda Olmas\u0131n\u0131 Sa\u011flayabilirsiniz. Sehpam\u0131z F\u0131r\u0131nlanm\u0131\u015f \u00c7am A\u011fac\u0131ndan \u00dcretilmi\u015ftir. Su Bazl\u0131 (Pinotex) Ah\u015fap Koruyucu Uygulanm\u0131\u015ft\u0131r. \u00dcr\u00fcn \u00d6l\u00e7\u00fcleri Geni\u015flik 30&#215;44 Y\u00fckseklik 60cm&#8217;dir. \u00dcr\u00fcn\u00fcm\u00fcz D Monte \u015eekilde G\u00f6nderilecektir.<\/p>\n<\/div>\n<\/td>\n<\/tr>\n<\/tbody>\n<\/table>\n","protected":false},"excerpt":{"rendered":"<p>C Yan Sehpa Kullan\u0131m\u0131 Konusunda Yeme\u011finizi Yiyebilir, \u0130\u00e7ece\u011finizi \u0130\u00e7ebilir, Kumanda, Telefon, Tablet, Laptop vb. \u00dcr\u00fcnlerinizi \u00dczerine Koyarak Elinizin Alt\u0131nda Olmas\u0131n\u0131 Sa\u011flayabilirsiniz. Sehpam\u0131z F\u0131r\u0131nlanm\u0131\u015f \u00c7am A\u011fac\u0131ndan \u00dcretilmi\u015ftir. Su Bazl\u0131 (Pinotex) Ah\u015fap [&hellip;]<\/p>\n","protected":false},"featured_media":1152,"comment_status":"open","ping_status":"closed","template":"","meta":[],"product_brand":[],"product_cat":[46,44,28],"product_tag":[],"class_list":{"0":"post-1149","1":"product","2":"type-product","3":"status-publish","4":"has-post-thumbnail","6":"product_cat-dekorasyon","7":"product_cat-oturma-odalari","8":"product_cat-sehpalar","10":"first","11":"instock","12":"sale","13":"shipping-taxable","14":"purchasable","15":"product-type-simple"},"yoast_head":"<!-- This site is optimized with the Yoast SEO plugin v25.5 - https:\/\/yoast.com\/wordpress\/plugins\/seo\/ -->\n<title>C Yan Sehpa Ah\u015fap Tik Renk - Wood Work Antalya<\/title>\n<meta name=\"robots\" content=\"index, follow, max-snippet:-1, max-image-preview:large, max-video-preview:-1\" \/>\n<link rel=\"canonical\" href=\"http:\/\/woodworkantalya.com.tr\/index.php\/urun\/c-yan-sehpa-ahsap-tik\/\" \/>\n<meta property=\"og:locale\" content=\"tr_TR\" \/>\n<meta property=\"og:type\" content=\"article\" \/>\n<meta property=\"og:title\" content=\"C Yan Sehpa Ah\u015fap Tik Renk - Wood Work Antalya\" \/>\n<meta property=\"og:description\" content=\"C Yan Sehpa Kullan\u0131m\u0131 Konusunda Yeme\u011finizi Yiyebilir, \u0130\u00e7ece\u011finizi \u0130\u00e7ebilir, Kumanda, Telefon, Tablet, Laptop vb. \u00dcr\u00fcnlerinizi \u00dczerine Koyarak Elinizin Alt\u0131nda Olmas\u0131n\u0131 Sa\u011flayabilirsiniz. Sehpam\u0131z F\u0131r\u0131nlanm\u0131\u015f \u00c7am A\u011fac\u0131ndan \u00dcretilmi\u015ftir. Su Bazl\u0131 (Pinotex) Ah\u015fap [&hellip;]\" \/>\n<meta property=\"og:url\" content=\"http:\/\/woodworkantalya.com.tr\/index.php\/urun\/c-yan-sehpa-ahsap-tik\/\" \/>\n<meta property=\"og:site_name\" content=\"Wood Work Antalya\" \/>\n<meta property=\"article:modified_time\" content=\"2025-04-12T12:28:03+00:00\" \/>\n<meta property=\"og:image\" content=\"http:\/\/woodworkantalya.com.tr\/wp-content\/uploads\/2024\/02\/tyansehpa3.jpg\" \/>\n\t<meta property=\"og:image:width\" content=\"2000\" \/>\n\t<meta property=\"og:image:height\" content=\"2000\" \/>\n\t<meta property=\"og:image:type\" content=\"image\/jpeg\" \/>\n<meta name=\"twitter:card\" content=\"summary_large_image\" \/>\n<meta name=\"twitter:label1\" content=\"Tahmini okuma s\u00fcresi\" \/>\n\t<meta name=\"twitter:data1\" content=\"1 dakika\" \/>\n<script type=\"application\/ld+json\" class=\"yoast-schema-graph\">{\"@context\":\"https:\/\/schema.org\",\"@graph\":[{\"@type\":\"WebPage\",\"@id\":\"http:\/\/woodworkantalya.com.tr\/index.php\/urun\/c-yan-sehpa-ahsap-tik\/\",\"url\":\"http:\/\/woodworkantalya.com.tr\/index.php\/urun\/c-yan-sehpa-ahsap-tik\/\",\"name\":\"C Yan Sehpa Ah\u015fap Tik Renk - Wood Work Antalya\",\"isPartOf\":{\"@id\":\"https:\/\/woodworkantalya.com.tr\/#website\"},\"primaryImageOfPage\":{\"@id\":\"http:\/\/woodworkantalya.com.tr\/index.php\/urun\/c-yan-sehpa-ahsap-tik\/#primaryimage\"},\"image\":{\"@id\":\"http:\/\/woodworkantalya.com.tr\/index.php\/urun\/c-yan-sehpa-ahsap-tik\/#primaryimage\"},\"thumbnailUrl\":\"http:\/\/woodworkantalya.com.tr\/wp-content\/uploads\/2024\/02\/tyansehpa3.jpg\",\"datePublished\":\"2024-02-24T13:01:51+00:00\",\"dateModified\":\"2025-04-12T12:28:03+00:00\",\"breadcrumb\":{\"@id\":\"http:\/\/woodworkantalya.com.tr\/index.php\/urun\/c-yan-sehpa-ahsap-tik\/#breadcrumb\"},\"inLanguage\":\"tr\",\"potentialAction\":[{\"@type\":\"ReadAction\",\"target\":[\"http:\/\/woodworkantalya.com.tr\/index.php\/urun\/c-yan-sehpa-ahsap-tik\/\"]}]},{\"@type\":\"ImageObject\",\"inLanguage\":\"tr\",\"@id\":\"http:\/\/woodworkantalya.com.tr\/index.php\/urun\/c-yan-sehpa-ahsap-tik\/#primaryimage\",\"url\":\"http:\/\/woodworkantalya.com.tr\/wp-content\/uploads\/2024\/02\/tyansehpa3.jpg\",\"contentUrl\":\"http:\/\/woodworkantalya.com.tr\/wp-content\/uploads\/2024\/02\/tyansehpa3.jpg\",\"width\":2000,\"height\":2000},{\"@type\":\"BreadcrumbList\",\"@id\":\"http:\/\/woodworkantalya.com.tr\/index.php\/urun\/c-yan-sehpa-ahsap-tik\/#breadcrumb\",\"itemListElement\":[{\"@type\":\"ListItem\",\"position\":1,\"name\":\"Anasayfa\",\"item\":\"https:\/\/woodworkantalya.com.tr\/\"},{\"@type\":\"ListItem\",\"position\":2,\"name\":\"T\u00fcm \u00dcr\u00fcnler\",\"item\":\"https:\/\/woodworkantalya.com.tr\/index.php\/shop\/\"},{\"@type\":\"ListItem\",\"position\":3,\"name\":\"C Yan Sehpa Ah\u015fap Tik Renk\"}]},{\"@type\":\"WebSite\",\"@id\":\"https:\/\/woodworkantalya.com.tr\/#website\",\"url\":\"https:\/\/woodworkantalya.com.tr\/\",\"name\":\"Wood Work Antalya\",\"description\":\"\",\"publisher\":{\"@id\":\"https:\/\/woodworkantalya.com.tr\/#organization\"},\"potentialAction\":[{\"@type\":\"SearchAction\",\"target\":{\"@type\":\"EntryPoint\",\"urlTemplate\":\"https:\/\/woodworkantalya.com.tr\/?s={search_term_string}\"},\"query-input\":{\"@type\":\"PropertyValueSpecification\",\"valueRequired\":true,\"valueName\":\"search_term_string\"}}],\"inLanguage\":\"tr\"},{\"@type\":\"Organization\",\"@id\":\"https:\/\/woodworkantalya.com.tr\/#organization\",\"name\":\"Wood Work Antalya\",\"url\":\"https:\/\/woodworkantalya.com.tr\/\",\"logo\":{\"@type\":\"ImageObject\",\"inLanguage\":\"tr\",\"@id\":\"https:\/\/woodworkantalya.com.tr\/#\/schema\/logo\/image\/\",\"url\":\"http:\/\/woodworkantalya.com.tr\/wp-content\/uploads\/2024\/01\/woodwork-logo.png\",\"contentUrl\":\"http:\/\/woodworkantalya.com.tr\/wp-content\/uploads\/2024\/01\/woodwork-logo.png\",\"width\":500,\"height\":500,\"caption\":\"Wood Work Antalya\"},\"image\":{\"@id\":\"https:\/\/woodworkantalya.com.tr\/#\/schema\/logo\/image\/\"}}]}<\/script>\n<!-- \/ Yoast SEO plugin. -->","yoast_head_json":{"title":"C Yan Sehpa Ah\u015fap Tik Renk - Wood Work Antalya","robots":{"index":"index","follow":"follow","max-snippet":"max-snippet:-1","max-image-preview":"max-image-preview:large","max-video-preview":"max-video-preview:-1"},"canonical":"http:\/\/woodworkantalya.com.tr\/index.php\/urun\/c-yan-sehpa-ahsap-tik\/","og_locale":"tr_TR","og_type":"article","og_title":"C Yan Sehpa Ah\u015fap Tik Renk - Wood Work Antalya","og_description":"C Yan Sehpa Kullan\u0131m\u0131 Konusunda Yeme\u011finizi Yiyebilir, \u0130\u00e7ece\u011finizi \u0130\u00e7ebilir, Kumanda, Telefon, Tablet, Laptop vb. \u00dcr\u00fcnlerinizi \u00dczerine Koyarak Elinizin Alt\u0131nda Olmas\u0131n\u0131 Sa\u011flayabilirsiniz. Sehpam\u0131z F\u0131r\u0131nlanm\u0131\u015f \u00c7am A\u011fac\u0131ndan \u00dcretilmi\u015ftir. Su Bazl\u0131 (Pinotex) Ah\u015fap [&hellip;]","og_url":"http:\/\/woodworkantalya.com.tr\/index.php\/urun\/c-yan-sehpa-ahsap-tik\/","og_site_name":"Wood Work Antalya","article_modified_time":"2025-04-12T12:28:03+00:00","og_image":[{"width":2000,"height":2000,"url":"http:\/\/woodworkantalya.com.tr\/wp-content\/uploads\/2024\/02\/tyansehpa3.jpg","type":"image\/jpeg"}],"twitter_card":"summary_large_image","twitter_misc":{"Tahmini okuma s\u00fcresi":"1 dakika"},"schema":{"@context":"https:\/\/schema.org","@graph":[{"@type":"WebPage","@id":"http:\/\/woodworkantalya.com.tr\/index.php\/urun\/c-yan-sehpa-ahsap-tik\/","url":"http:\/\/woodworkantalya.com.tr\/index.php\/urun\/c-yan-sehpa-ahsap-tik\/","name":"C Yan Sehpa Ah\u015fap Tik Renk - Wood Work Antalya","isPartOf":{"@id":"https:\/\/woodworkantalya.com.tr\/#website"},"primaryImageOfPage":{"@id":"http:\/\/woodworkantalya.com.tr\/index.php\/urun\/c-yan-sehpa-ahsap-tik\/#primaryimage"},"image":{"@id":"http:\/\/woodworkantalya.com.tr\/index.php\/urun\/c-yan-sehpa-ahsap-tik\/#primaryimage"},"thumbnailUrl":"http:\/\/woodworkantalya.com.tr\/wp-content\/uploads\/2024\/02\/tyansehpa3.jpg","datePublished":"2024-02-24T13:01:51+00:00","dateModified":"2025-04-12T12:28:03+00:00","breadcrumb":{"@id":"http:\/\/woodworkantalya.com.tr\/index.php\/urun\/c-yan-sehpa-ahsap-tik\/#breadcrumb"},"inLanguage":"tr","potentialAction":[{"@type":"ReadAction","target":["http:\/\/woodworkantalya.com.tr\/index.php\/urun\/c-yan-sehpa-ahsap-tik\/"]}]},{"@type":"ImageObject","inLanguage":"tr","@id":"http:\/\/woodworkantalya.com.tr\/index.php\/urun\/c-yan-sehpa-ahsap-tik\/#primaryimage","url":"http:\/\/woodworkantalya.com.tr\/wp-content\/uploads\/2024\/02\/tyansehpa3.jpg","contentUrl":"http:\/\/woodworkantalya.com.tr\/wp-content\/uploads\/2024\/02\/tyansehpa3.jpg","width":2000,"height":2000},{"@type":"BreadcrumbList","@id":"http:\/\/woodworkantalya.com.tr\/index.php\/urun\/c-yan-sehpa-ahsap-tik\/#breadcrumb","itemListElement":[{"@type":"ListItem","position":1,"name":"Anasayfa","item":"https:\/\/woodworkantalya.com.tr\/"},{"@type":"ListItem","position":2,"name":"T\u00fcm \u00dcr\u00fcnler","item":"https:\/\/woodworkantalya.com.tr\/index.php\/shop\/"},{"@type":"ListItem","position":3,"name":"C Yan Sehpa Ah\u015fap Tik Renk"}]},{"@type":"WebSite","@id":"https:\/\/woodworkantalya.com.tr\/#website","url":"https:\/\/woodworkantalya.com.tr\/","name":"Wood Work Antalya","description":"","publisher":{"@id":"https:\/\/woodworkantalya.com.tr\/#organization"},"potentialAction":[{"@type":"SearchAction","target":{"@type":"EntryPoint","urlTemplate":"https:\/\/woodworkantalya.com.tr\/?s={search_term_string}"},"query-input":{"@type":"PropertyValueSpecification","valueRequired":true,"valueName":"search_term_string"}}],"inLanguage":"tr"},{"@type":"Organization","@id":"https:\/\/woodworkantalya.com.tr\/#organization","name":"Wood Work Antalya","url":"https:\/\/woodworkantalya.com.tr\/","logo":{"@type":"ImageObject","inLanguage":"tr","@id":"https:\/\/woodworkantalya.com.tr\/#\/schema\/logo\/image\/","url":"http:\/\/woodworkantalya.com.tr\/wp-content\/uploads\/2024\/01\/woodwork-logo.png","contentUrl":"http:\/\/woodworkantalya.com.tr\/wp-content\/uploads\/2024\/01\/woodwork-logo.png","width":500,"height":500,"caption":"Wood Work Antalya"},"image":{"@id":"https:\/\/woodworkantalya.com.tr\/#\/schema\/logo\/image\/"}}]}},"_links":{"self":[{"href":"http:\/\/woodworkantalya.com.tr\/index.php\/wp-json\/wp\/v2\/product\/1149","targetHints":{"allow":["GET"]}}],"collection":[{"href":"http:\/\/woodworkantalya.com.tr\/index.php\/wp-json\/wp\/v2\/product"}],"about":[{"href":"http:\/\/woodworkantalya.com.tr\/index.php\/wp-json\/wp\/v2\/types\/product"}],"replies":[{"embeddable":true,"href":"http:\/\/woodworkantalya.com.tr\/index.php\/wp-json\/wp\/v2\/comments?post=1149"}],"wp:featuredmedia":[{"embeddable":true,"href":"http:\/\/woodworkantalya.com.tr\/index.php\/wp-json\/wp\/v2\/media\/1152"}],"wp:attachment":[{"href":"http:\/\/woodworkantalya.com.tr\/index.php\/wp-json\/wp\/v2\/media?parent=1149"}],"wp:term":[{"taxonomy":"product_brand","embeddable":true,"href":"http:\/\/woodworkantalya.com.tr\/index.php\/wp-json\/wp\/v2\/product_brand?post=1149"},{"taxonomy":"product_cat","embeddable":true,"href":"http:\/\/woodworkantalya.com.tr\/index.php\/wp-json\/wp\/v2\/product_cat?post=1149"},{"taxonomy":"product_tag","embeddable":true,"href":"http:\/\/woodworkantalya.com.tr\/index.php\/wp-json\/wp\/v2\/product_tag?post=1149"}],"curies":[{"name":"wp","href":"https:\/\/api.w.org\/{rel}","templated":true}]}}