{"id":1473,"date":"2024-07-01T18:38:37","date_gmt":"2024-07-01T15:38:37","guid":{"rendered":"https:\/\/woodworkantalya.com.tr\/?post_type=product&#038;p=1473"},"modified":"2026-03-02T20:58:09","modified_gmt":"2026-03-02T17:58:09","slug":"calisma-masasi-teak-renk-metal-ayak","status":"publish","type":"product","link":"http:\/\/woodworkantalya.com.tr\/index.php\/urun\/calisma-masasi-teak-renk-metal-ayak\/","title":{"rendered":"\u00c7al\u0131\u015fma Masas\u0131 Teak Renk Metal Ayak"},"content":{"rendered":"<p>Bu \u00dcr\u00fcn woodwork.antalya taraf\u0131ndan \u00fcretilmektedir. Masam\u0131z 1.S\u0131n\u0131f f\u0131r\u0131nlanm\u0131\u015f masif \u00e7am a\u011fac\u0131ndan \u00fcretilmi\u015ftir. Su bazl\u0131 ah\u015fap koruyucu (Pinotex) uygulanm\u0131\u015ft\u0131r. Masan\u0131n metal ayaklar\u0131nda 25X252x1,5 mm kal\u0131nl\u0131\u011f\u0131nda statik f\u0131r\u0131n boyal\u0131 profil kullan\u0131lm\u0131\u015ft\u0131r. Masa ayaklar\u0131 demonte bir \u015fekilde g\u00f6nderilmektedir. Masam\u0131z\u0131n vidalama yerleri haz\u0131rd\u0131r, ayaklar\u0131 a\u011fa\u00e7 tablaya vidalayarak kullanmaya ba\u015flayabilirsiniz. Masa: En: 60 cm Boy: 120 cm Y\u00fckseklik 75 cm A\u011fa\u00e7 Kal\u0131nl\u0131\u011f\u0131: 1,8 \u2013 2 cm aras\u0131d\u0131r. \u00c7al\u0131\u015fma masas\u0131nda foto\u011fraf \u00e7ekiminde kullan\u0131lan aksesuarlar fiyata dahil de\u011fildir.<\/p>\n","protected":false},"excerpt":{"rendered":"<p>Bu \u00dcr\u00fcn woodwork.antalya taraf\u0131ndan \u00fcretilmektedir. Masam\u0131z 1.S\u0131n\u0131f f\u0131r\u0131nlanm\u0131\u015f masif \u00e7am a\u011fac\u0131ndan \u00fcretilmi\u015ftir. Su bazl\u0131 ah\u015fap koruyucu (Pinotex) uygulanm\u0131\u015ft\u0131r. Masan\u0131n metal ayaklar\u0131nda 25X252x1,5 mm kal\u0131nl\u0131\u011f\u0131nda statik f\u0131r\u0131n boyal\u0131 profil kullan\u0131lm\u0131\u015ft\u0131r. Masa [&hellip;]<\/p>\n","protected":false},"featured_media":1470,"comment_status":"open","ping_status":"closed","template":"","meta":[],"product_brand":[],"product_cat":[27,45],"product_tag":[],"class_list":{"0":"post-1473","1":"product","2":"type-product","3":"status-publish","4":"has-post-thumbnail","6":"product_cat-calisma-masalari","7":"product_cat-calisma-odalari","9":"first","10":"instock","11":"sale","12":"shipping-taxable","13":"purchasable","14":"product-type-simple"},"yoast_head":"<!-- This site is optimized with the Yoast SEO plugin v25.5 - https:\/\/yoast.com\/wordpress\/plugins\/seo\/ -->\n<title>\u00c7al\u0131\u015fma Masas\u0131 Teak Renk Metal Ayak - Wood Work Antalya<\/title>\n<meta name=\"robots\" content=\"index, follow, max-snippet:-1, max-image-preview:large, max-video-preview:-1\" \/>\n<link rel=\"canonical\" href=\"https:\/\/woodworkantalya.com.tr\/index.php\/urun\/calisma-masasi-teak-renk-metal-ayak\/\" \/>\n<meta property=\"og:locale\" content=\"tr_TR\" \/>\n<meta property=\"og:type\" content=\"article\" \/>\n<meta property=\"og:title\" content=\"\u00c7al\u0131\u015fma Masas\u0131 Teak Renk Metal Ayak - Wood Work Antalya\" \/>\n<meta property=\"og:description\" content=\"Bu \u00dcr\u00fcn woodwork.antalya taraf\u0131ndan \u00fcretilmektedir. Masam\u0131z 1.S\u0131n\u0131f f\u0131r\u0131nlanm\u0131\u015f masif \u00e7am a\u011fac\u0131ndan \u00fcretilmi\u015ftir. Su bazl\u0131 ah\u015fap koruyucu (Pinotex) uygulanm\u0131\u015ft\u0131r. Masan\u0131n metal ayaklar\u0131nda 25X252x1,5 mm kal\u0131nl\u0131\u011f\u0131nda statik f\u0131r\u0131n boyal\u0131 profil kullan\u0131lm\u0131\u015ft\u0131r. Masa [&hellip;]\" \/>\n<meta property=\"og:url\" content=\"https:\/\/woodworkantalya.com.tr\/index.php\/urun\/calisma-masasi-teak-renk-metal-ayak\/\" \/>\n<meta property=\"og:site_name\" content=\"Wood Work Antalya\" \/>\n<meta property=\"article:modified_time\" content=\"2026-03-02T17:58:09+00:00\" \/>\n<meta property=\"og:image\" content=\"https:\/\/woodworkantalya.com.tr\/wp-content\/uploads\/2024\/07\/tm1.jpg\" \/>\n\t<meta property=\"og:image:width\" content=\"2000\" \/>\n\t<meta property=\"og:image:height\" content=\"2000\" \/>\n\t<meta property=\"og:image:type\" content=\"image\/jpeg\" \/>\n<meta name=\"twitter:card\" content=\"summary_large_image\" \/>\n<meta name=\"twitter:label1\" content=\"Tahmini okuma s\u00fcresi\" \/>\n\t<meta name=\"twitter:data1\" content=\"1 dakika\" \/>\n<script type=\"application\/ld+json\" class=\"yoast-schema-graph\">{\"@context\":\"https:\/\/schema.org\",\"@graph\":[{\"@type\":\"WebPage\",\"@id\":\"https:\/\/woodworkantalya.com.tr\/index.php\/urun\/calisma-masasi-teak-renk-metal-ayak\/\",\"url\":\"https:\/\/woodworkantalya.com.tr\/index.php\/urun\/calisma-masasi-teak-renk-metal-ayak\/\",\"name\":\"\u00c7al\u0131\u015fma Masas\u0131 Teak Renk Metal Ayak - Wood Work Antalya\",\"isPartOf\":{\"@id\":\"https:\/\/woodworkantalya.com.tr\/#website\"},\"primaryImageOfPage\":{\"@id\":\"https:\/\/woodworkantalya.com.tr\/index.php\/urun\/calisma-masasi-teak-renk-metal-ayak\/#primaryimage\"},\"image\":{\"@id\":\"https:\/\/woodworkantalya.com.tr\/index.php\/urun\/calisma-masasi-teak-renk-metal-ayak\/#primaryimage\"},\"thumbnailUrl\":\"http:\/\/woodworkantalya.com.tr\/wp-content\/uploads\/2024\/07\/tm1.jpg\",\"datePublished\":\"2024-07-01T15:38:37+00:00\",\"dateModified\":\"2026-03-02T17:58:09+00:00\",\"breadcrumb\":{\"@id\":\"https:\/\/woodworkantalya.com.tr\/index.php\/urun\/calisma-masasi-teak-renk-metal-ayak\/#breadcrumb\"},\"inLanguage\":\"tr\",\"potentialAction\":[{\"@type\":\"ReadAction\",\"target\":[\"https:\/\/woodworkantalya.com.tr\/index.php\/urun\/calisma-masasi-teak-renk-metal-ayak\/\"]}]},{\"@type\":\"ImageObject\",\"inLanguage\":\"tr\",\"@id\":\"https:\/\/woodworkantalya.com.tr\/index.php\/urun\/calisma-masasi-teak-renk-metal-ayak\/#primaryimage\",\"url\":\"http:\/\/woodworkantalya.com.tr\/wp-content\/uploads\/2024\/07\/tm1.jpg\",\"contentUrl\":\"http:\/\/woodworkantalya.com.tr\/wp-content\/uploads\/2024\/07\/tm1.jpg\",\"width\":2000,\"height\":2000},{\"@type\":\"BreadcrumbList\",\"@id\":\"https:\/\/woodworkantalya.com.tr\/index.php\/urun\/calisma-masasi-teak-renk-metal-ayak\/#breadcrumb\",\"itemListElement\":[{\"@type\":\"ListItem\",\"position\":1,\"name\":\"Anasayfa\",\"item\":\"https:\/\/woodworkantalya.com.tr\/\"},{\"@type\":\"ListItem\",\"position\":2,\"name\":\"T\u00fcm \u00dcr\u00fcnler\",\"item\":\"https:\/\/woodworkantalya.com.tr\/index.php\/shop\/\"},{\"@type\":\"ListItem\",\"position\":3,\"name\":\"\u00c7al\u0131\u015fma Masas\u0131 Teak Renk Metal Ayak\"}]},{\"@type\":\"WebSite\",\"@id\":\"https:\/\/woodworkantalya.com.tr\/#website\",\"url\":\"https:\/\/woodworkantalya.com.tr\/\",\"name\":\"Wood Work Antalya\",\"description\":\"\",\"publisher\":{\"@id\":\"https:\/\/woodworkantalya.com.tr\/#organization\"},\"potentialAction\":[{\"@type\":\"SearchAction\",\"target\":{\"@type\":\"EntryPoint\",\"urlTemplate\":\"https:\/\/woodworkantalya.com.tr\/?s={search_term_string}\"},\"query-input\":{\"@type\":\"PropertyValueSpecification\",\"valueRequired\":true,\"valueName\":\"search_term_string\"}}],\"inLanguage\":\"tr\"},{\"@type\":\"Organization\",\"@id\":\"https:\/\/woodworkantalya.com.tr\/#organization\",\"name\":\"Wood Work Antalya\",\"url\":\"https:\/\/woodworkantalya.com.tr\/\",\"logo\":{\"@type\":\"ImageObject\",\"inLanguage\":\"tr\",\"@id\":\"https:\/\/woodworkantalya.com.tr\/#\/schema\/logo\/image\/\",\"url\":\"http:\/\/woodworkantalya.com.tr\/wp-content\/uploads\/2024\/01\/woodwork-logo.png\",\"contentUrl\":\"http:\/\/woodworkantalya.com.tr\/wp-content\/uploads\/2024\/01\/woodwork-logo.png\",\"width\":500,\"height\":500,\"caption\":\"Wood Work Antalya\"},\"image\":{\"@id\":\"https:\/\/woodworkantalya.com.tr\/#\/schema\/logo\/image\/\"}}]}<\/script>\n<!-- \/ Yoast SEO plugin. -->","yoast_head_json":{"title":"\u00c7al\u0131\u015fma Masas\u0131 Teak Renk Metal Ayak - Wood Work Antalya","robots":{"index":"index","follow":"follow","max-snippet":"max-snippet:-1","max-image-preview":"max-image-preview:large","max-video-preview":"max-video-preview:-1"},"canonical":"https:\/\/woodworkantalya.com.tr\/index.php\/urun\/calisma-masasi-teak-renk-metal-ayak\/","og_locale":"tr_TR","og_type":"article","og_title":"\u00c7al\u0131\u015fma Masas\u0131 Teak Renk Metal Ayak - Wood Work Antalya","og_description":"Bu \u00dcr\u00fcn woodwork.antalya taraf\u0131ndan \u00fcretilmektedir. Masam\u0131z 1.S\u0131n\u0131f f\u0131r\u0131nlanm\u0131\u015f masif \u00e7am a\u011fac\u0131ndan \u00fcretilmi\u015ftir. Su bazl\u0131 ah\u015fap koruyucu (Pinotex) uygulanm\u0131\u015ft\u0131r. Masan\u0131n metal ayaklar\u0131nda 25X252x1,5 mm kal\u0131nl\u0131\u011f\u0131nda statik f\u0131r\u0131n boyal\u0131 profil kullan\u0131lm\u0131\u015ft\u0131r. Masa [&hellip;]","og_url":"https:\/\/woodworkantalya.com.tr\/index.php\/urun\/calisma-masasi-teak-renk-metal-ayak\/","og_site_name":"Wood Work Antalya","article_modified_time":"2026-03-02T17:58:09+00:00","og_image":[{"width":2000,"height":2000,"url":"https:\/\/woodworkantalya.com.tr\/wp-content\/uploads\/2024\/07\/tm1.jpg","type":"image\/jpeg"}],"twitter_card":"summary_large_image","twitter_misc":{"Tahmini okuma s\u00fcresi":"1 dakika"},"schema":{"@context":"https:\/\/schema.org","@graph":[{"@type":"WebPage","@id":"https:\/\/woodworkantalya.com.tr\/index.php\/urun\/calisma-masasi-teak-renk-metal-ayak\/","url":"https:\/\/woodworkantalya.com.tr\/index.php\/urun\/calisma-masasi-teak-renk-metal-ayak\/","name":"\u00c7al\u0131\u015fma Masas\u0131 Teak Renk Metal Ayak - Wood Work Antalya","isPartOf":{"@id":"https:\/\/woodworkantalya.com.tr\/#website"},"primaryImageOfPage":{"@id":"https:\/\/woodworkantalya.com.tr\/index.php\/urun\/calisma-masasi-teak-renk-metal-ayak\/#primaryimage"},"image":{"@id":"https:\/\/woodworkantalya.com.tr\/index.php\/urun\/calisma-masasi-teak-renk-metal-ayak\/#primaryimage"},"thumbnailUrl":"http:\/\/woodworkantalya.com.tr\/wp-content\/uploads\/2024\/07\/tm1.jpg","datePublished":"2024-07-01T15:38:37+00:00","dateModified":"2026-03-02T17:58:09+00:00","breadcrumb":{"@id":"https:\/\/woodworkantalya.com.tr\/index.php\/urun\/calisma-masasi-teak-renk-metal-ayak\/#breadcrumb"},"inLanguage":"tr","potentialAction":[{"@type":"ReadAction","target":["https:\/\/woodworkantalya.com.tr\/index.php\/urun\/calisma-masasi-teak-renk-metal-ayak\/"]}]},{"@type":"ImageObject","inLanguage":"tr","@id":"https:\/\/woodworkantalya.com.tr\/index.php\/urun\/calisma-masasi-teak-renk-metal-ayak\/#primaryimage","url":"http:\/\/woodworkantalya.com.tr\/wp-content\/uploads\/2024\/07\/tm1.jpg","contentUrl":"http:\/\/woodworkantalya.com.tr\/wp-content\/uploads\/2024\/07\/tm1.jpg","width":2000,"height":2000},{"@type":"BreadcrumbList","@id":"https:\/\/woodworkantalya.com.tr\/index.php\/urun\/calisma-masasi-teak-renk-metal-ayak\/#breadcrumb","itemListElement":[{"@type":"ListItem","position":1,"name":"Anasayfa","item":"https:\/\/woodworkantalya.com.tr\/"},{"@type":"ListItem","position":2,"name":"T\u00fcm \u00dcr\u00fcnler","item":"https:\/\/woodworkantalya.com.tr\/index.php\/shop\/"},{"@type":"ListItem","position":3,"name":"\u00c7al\u0131\u015fma Masas\u0131 Teak Renk Metal Ayak"}]},{"@type":"WebSite","@id":"https:\/\/woodworkantalya.com.tr\/#website","url":"https:\/\/woodworkantalya.com.tr\/","name":"Wood Work Antalya","description":"","publisher":{"@id":"https:\/\/woodworkantalya.com.tr\/#organization"},"potentialAction":[{"@type":"SearchAction","target":{"@type":"EntryPoint","urlTemplate":"https:\/\/woodworkantalya.com.tr\/?s={search_term_string}"},"query-input":{"@type":"PropertyValueSpecification","valueRequired":true,"valueName":"search_term_string"}}],"inLanguage":"tr"},{"@type":"Organization","@id":"https:\/\/woodworkantalya.com.tr\/#organization","name":"Wood Work Antalya","url":"https:\/\/woodworkantalya.com.tr\/","logo":{"@type":"ImageObject","inLanguage":"tr","@id":"https:\/\/woodworkantalya.com.tr\/#\/schema\/logo\/image\/","url":"http:\/\/woodworkantalya.com.tr\/wp-content\/uploads\/2024\/01\/woodwork-logo.png","contentUrl":"http:\/\/woodworkantalya.com.tr\/wp-content\/uploads\/2024\/01\/woodwork-logo.png","width":500,"height":500,"caption":"Wood Work Antalya"},"image":{"@id":"https:\/\/woodworkantalya.com.tr\/#\/schema\/logo\/image\/"}}]}},"_links":{"self":[{"href":"http:\/\/woodworkantalya.com.tr\/index.php\/wp-json\/wp\/v2\/product\/1473","targetHints":{"allow":["GET"]}}],"collection":[{"href":"http:\/\/woodworkantalya.com.tr\/index.php\/wp-json\/wp\/v2\/product"}],"about":[{"href":"http:\/\/woodworkantalya.com.tr\/index.php\/wp-json\/wp\/v2\/types\/product"}],"replies":[{"embeddable":true,"href":"http:\/\/woodworkantalya.com.tr\/index.php\/wp-json\/wp\/v2\/comments?post=1473"}],"wp:featuredmedia":[{"embeddable":true,"href":"http:\/\/woodworkantalya.com.tr\/index.php\/wp-json\/wp\/v2\/media\/1470"}],"wp:attachment":[{"href":"http:\/\/woodworkantalya.com.tr\/index.php\/wp-json\/wp\/v2\/media?parent=1473"}],"wp:term":[{"taxonomy":"product_brand","embeddable":true,"href":"http:\/\/woodworkantalya.com.tr\/index.php\/wp-json\/wp\/v2\/product_brand?post=1473"},{"taxonomy":"product_cat","embeddable":true,"href":"http:\/\/woodworkantalya.com.tr\/index.php\/wp-json\/wp\/v2\/product_cat?post=1473"},{"taxonomy":"product_tag","embeddable":true,"href":"http:\/\/woodworkantalya.com.tr\/index.php\/wp-json\/wp\/v2\/product_tag?post=1473"}],"curies":[{"name":"wp","href":"https:\/\/api.w.org\/{rel}","templated":true}]}}