{"id":1988,"date":"2025-04-12T16:08:58","date_gmt":"2025-04-12T13:08:58","guid":{"rendered":"https:\/\/woodworkantalya.com.tr\/?post_type=product&#038;p=1988"},"modified":"2026-04-05T14:24:31","modified_gmt":"2026-04-05T11:24:31","slug":"sheffield-otantik-dogal-ahsap-kanepe-kahve-renk","status":"publish","type":"product","link":"http:\/\/woodworkantalya.com.tr\/index.php\/urun\/sheffield-otantik-dogal-ahsap-kanepe-kahve-renk\/","title":{"rendered":"Sheffield Otantik Do\u011fal Ah\u015fap Kanepe Kahve Renk"},"content":{"rendered":"<p>Otantik tasar\u0131m\u0131yla dikkat \u00e7eken Sheffield otantik do\u011fal ah\u015fap kanepe, \u0130skandinav stilinin sadeli\u011fini ve konforunu evinize getiriyor.; \u2013 Keten kuma\u015f\u0131 sayesinde hafif ve nefes alabilen bir dokuya sahip olan bu \u00fc\u00e7l\u00fc koltuk, uzun s\u00fcreli kullan\u0131m i\u00e7in idealdir.; \u2013 Dayan\u0131kl\u0131 ah\u015fap ayak malzemeleri ile zeminde sa\u011flam duru\u015f sergileyen kanepemiz, her t\u00fcrl\u00fc i\u00e7 mekan dekorasyonuyla uyum sa\u011flar.; \u2013 Geni\u015fli\u011fi 197 cm ve derinli\u011fi 80 cm olan bu kanepe, geni\u015f oturma alan\u0131 sunarak ailece keyifli vakit ge\u00e7irmenizi sa\u011flar.; \u2013 Orta sert oturum yumu\u015fakl\u0131\u011f\u0131na sahip olan kanepemiz, rahatl\u0131kla dinlenmenize olanak tan\u0131rken ayn\u0131 zamanda destekleyici bir yap\u0131ya sahiptir.; \u2013 Ah\u015fap g\u00f6vde materyaliyle hem estetik hem de dayan\u0131kl\u0131l\u0131k a\u00e7\u0131s\u0131ndan \u00fcst\u00fcn bir kalite sunar; b\u00f6ylece y\u0131llar boyu ilk g\u00fcnk\u00fc gibi kullanabilirsiniz.; \u2013 \u0130skandinav temal\u0131 tasar\u0131m\u0131yla modern ve minimalist \u00e7izgilere sahip olan bu kanepe, ya\u015fam alanlar\u0131n\u0131za \u00e7a\u011fda\u015f bir hava katmak i\u00e7in m\u00fckemmeldir.; \u2013 sa\u011flaml\u0131k olarak y\u0131llar boyunca g\u00fcvenle tercih edebilece\u011finiz Sheffield otantik do\u011fal ah\u015fap kanepe, kalitesini garanti alt\u0131na almaktad\u0131r.; \u2013 \u0130skandinav stilinin zarif detaylar\u0131yla donat\u0131lm\u0131\u015f olan bu \u00fc\u00e7l\u00fc koltuk, evinizdeki di\u011fer mobilyalarla kolayca kombinlenebilir.;<\/p>\n","protected":false},"excerpt":{"rendered":"<p>Otantik tasar\u0131m\u0131yla dikkat \u00e7eken Sheffield otantik do\u011fal ah\u015fap kanepe, \u0130skandinav stilinin sadeli\u011fini ve konforunu evinize getiriyor.; \u2013 Keten kuma\u015f\u0131 sayesinde hafif ve nefes alabilen bir dokuya sahip olan bu \u00fc\u00e7l\u00fc [&hellip;]<\/p>\n","protected":false},"featured_media":1990,"comment_status":"open","ping_status":"closed","template":"","meta":[],"product_brand":[],"product_cat":[37,44],"product_tag":[],"class_list":{"0":"post-1988","1":"product","2":"type-product","3":"status-publish","4":"has-post-thumbnail","6":"product_cat-kanepeler","7":"product_cat-oturma-odalari","9":"first","10":"instock","11":"sale","12":"shipping-taxable","13":"purchasable","14":"product-type-simple"},"yoast_head":"<!-- This site is optimized with the Yoast SEO plugin v25.5 - https:\/\/yoast.com\/wordpress\/plugins\/seo\/ -->\n<title>Sheffield Otantik Do\u011fal Ah\u015fap Kanepe Kahve Renk - Wood Work Antalya<\/title>\n<meta name=\"robots\" content=\"index, follow, max-snippet:-1, max-image-preview:large, max-video-preview:-1\" \/>\n<link rel=\"canonical\" href=\"https:\/\/woodworkantalya.com.tr\/index.php\/urun\/sheffield-otantik-dogal-ahsap-kanepe-kahve-renk\/\" \/>\n<meta property=\"og:locale\" content=\"tr_TR\" \/>\n<meta property=\"og:type\" content=\"article\" \/>\n<meta property=\"og:title\" content=\"Sheffield Otantik Do\u011fal Ah\u015fap Kanepe Kahve Renk - Wood Work Antalya\" \/>\n<meta property=\"og:description\" content=\"Otantik tasar\u0131m\u0131yla dikkat \u00e7eken Sheffield otantik do\u011fal ah\u015fap kanepe, \u0130skandinav stilinin sadeli\u011fini ve konforunu evinize getiriyor.; \u2013 Keten kuma\u015f\u0131 sayesinde hafif ve nefes alabilen bir dokuya sahip olan bu \u00fc\u00e7l\u00fc [&hellip;]\" \/>\n<meta property=\"og:url\" content=\"https:\/\/woodworkantalya.com.tr\/index.php\/urun\/sheffield-otantik-dogal-ahsap-kanepe-kahve-renk\/\" \/>\n<meta property=\"og:site_name\" content=\"Wood Work Antalya\" \/>\n<meta property=\"article:modified_time\" content=\"2026-04-05T11:24:31+00:00\" \/>\n<meta property=\"og:image\" content=\"https:\/\/woodworkantalya.com.tr\/wp-content\/uploads\/2025\/04\/kahve1.jpg\" \/>\n\t<meta property=\"og:image:width\" content=\"2000\" \/>\n\t<meta property=\"og:image:height\" content=\"2000\" \/>\n\t<meta property=\"og:image:type\" content=\"image\/jpeg\" \/>\n<meta name=\"twitter:card\" content=\"summary_large_image\" \/>\n<meta name=\"twitter:label1\" content=\"Tahmini okuma s\u00fcresi\" \/>\n\t<meta name=\"twitter:data1\" content=\"2 dakika\" \/>\n<script type=\"application\/ld+json\" class=\"yoast-schema-graph\">{\"@context\":\"https:\/\/schema.org\",\"@graph\":[{\"@type\":\"WebPage\",\"@id\":\"https:\/\/woodworkantalya.com.tr\/index.php\/urun\/sheffield-otantik-dogal-ahsap-kanepe-kahve-renk\/\",\"url\":\"https:\/\/woodworkantalya.com.tr\/index.php\/urun\/sheffield-otantik-dogal-ahsap-kanepe-kahve-renk\/\",\"name\":\"Sheffield Otantik Do\u011fal Ah\u015fap Kanepe Kahve Renk - Wood Work Antalya\",\"isPartOf\":{\"@id\":\"https:\/\/woodworkantalya.com.tr\/#website\"},\"primaryImageOfPage\":{\"@id\":\"https:\/\/woodworkantalya.com.tr\/index.php\/urun\/sheffield-otantik-dogal-ahsap-kanepe-kahve-renk\/#primaryimage\"},\"image\":{\"@id\":\"https:\/\/woodworkantalya.com.tr\/index.php\/urun\/sheffield-otantik-dogal-ahsap-kanepe-kahve-renk\/#primaryimage\"},\"thumbnailUrl\":\"http:\/\/woodworkantalya.com.tr\/wp-content\/uploads\/2025\/04\/kahve1.jpg\",\"datePublished\":\"2025-04-12T13:08:58+00:00\",\"dateModified\":\"2026-04-05T11:24:31+00:00\",\"breadcrumb\":{\"@id\":\"https:\/\/woodworkantalya.com.tr\/index.php\/urun\/sheffield-otantik-dogal-ahsap-kanepe-kahve-renk\/#breadcrumb\"},\"inLanguage\":\"tr\",\"potentialAction\":[{\"@type\":\"ReadAction\",\"target\":[\"https:\/\/woodworkantalya.com.tr\/index.php\/urun\/sheffield-otantik-dogal-ahsap-kanepe-kahve-renk\/\"]}]},{\"@type\":\"ImageObject\",\"inLanguage\":\"tr\",\"@id\":\"https:\/\/woodworkantalya.com.tr\/index.php\/urun\/sheffield-otantik-dogal-ahsap-kanepe-kahve-renk\/#primaryimage\",\"url\":\"http:\/\/woodworkantalya.com.tr\/wp-content\/uploads\/2025\/04\/kahve1.jpg\",\"contentUrl\":\"http:\/\/woodworkantalya.com.tr\/wp-content\/uploads\/2025\/04\/kahve1.jpg\",\"width\":2000,\"height\":2000},{\"@type\":\"BreadcrumbList\",\"@id\":\"https:\/\/woodworkantalya.com.tr\/index.php\/urun\/sheffield-otantik-dogal-ahsap-kanepe-kahve-renk\/#breadcrumb\",\"itemListElement\":[{\"@type\":\"ListItem\",\"position\":1,\"name\":\"Anasayfa\",\"item\":\"https:\/\/woodworkantalya.com.tr\/\"},{\"@type\":\"ListItem\",\"position\":2,\"name\":\"T\u00fcm \u00dcr\u00fcnler\",\"item\":\"https:\/\/woodworkantalya.com.tr\/index.php\/shop\/\"},{\"@type\":\"ListItem\",\"position\":3,\"name\":\"Sheffield Otantik Do\u011fal Ah\u015fap Kanepe Kahve Renk\"}]},{\"@type\":\"WebSite\",\"@id\":\"https:\/\/woodworkantalya.com.tr\/#website\",\"url\":\"https:\/\/woodworkantalya.com.tr\/\",\"name\":\"Wood Work Antalya\",\"description\":\"\",\"publisher\":{\"@id\":\"https:\/\/woodworkantalya.com.tr\/#organization\"},\"potentialAction\":[{\"@type\":\"SearchAction\",\"target\":{\"@type\":\"EntryPoint\",\"urlTemplate\":\"https:\/\/woodworkantalya.com.tr\/?s={search_term_string}\"},\"query-input\":{\"@type\":\"PropertyValueSpecification\",\"valueRequired\":true,\"valueName\":\"search_term_string\"}}],\"inLanguage\":\"tr\"},{\"@type\":\"Organization\",\"@id\":\"https:\/\/woodworkantalya.com.tr\/#organization\",\"name\":\"Wood Work Antalya\",\"url\":\"https:\/\/woodworkantalya.com.tr\/\",\"logo\":{\"@type\":\"ImageObject\",\"inLanguage\":\"tr\",\"@id\":\"https:\/\/woodworkantalya.com.tr\/#\/schema\/logo\/image\/\",\"url\":\"http:\/\/woodworkantalya.com.tr\/wp-content\/uploads\/2024\/01\/woodwork-logo.png\",\"contentUrl\":\"http:\/\/woodworkantalya.com.tr\/wp-content\/uploads\/2024\/01\/woodwork-logo.png\",\"width\":500,\"height\":500,\"caption\":\"Wood Work Antalya\"},\"image\":{\"@id\":\"https:\/\/woodworkantalya.com.tr\/#\/schema\/logo\/image\/\"}}]}<\/script>\n<!-- \/ Yoast SEO plugin. -->","yoast_head_json":{"title":"Sheffield Otantik Do\u011fal Ah\u015fap Kanepe Kahve Renk - Wood Work Antalya","robots":{"index":"index","follow":"follow","max-snippet":"max-snippet:-1","max-image-preview":"max-image-preview:large","max-video-preview":"max-video-preview:-1"},"canonical":"https:\/\/woodworkantalya.com.tr\/index.php\/urun\/sheffield-otantik-dogal-ahsap-kanepe-kahve-renk\/","og_locale":"tr_TR","og_type":"article","og_title":"Sheffield Otantik Do\u011fal Ah\u015fap Kanepe Kahve Renk - Wood Work Antalya","og_description":"Otantik tasar\u0131m\u0131yla dikkat \u00e7eken Sheffield otantik do\u011fal ah\u015fap kanepe, \u0130skandinav stilinin sadeli\u011fini ve konforunu evinize getiriyor.; \u2013 Keten kuma\u015f\u0131 sayesinde hafif ve nefes alabilen bir dokuya sahip olan bu \u00fc\u00e7l\u00fc [&hellip;]","og_url":"https:\/\/woodworkantalya.com.tr\/index.php\/urun\/sheffield-otantik-dogal-ahsap-kanepe-kahve-renk\/","og_site_name":"Wood Work Antalya","article_modified_time":"2026-04-05T11:24:31+00:00","og_image":[{"width":2000,"height":2000,"url":"https:\/\/woodworkantalya.com.tr\/wp-content\/uploads\/2025\/04\/kahve1.jpg","type":"image\/jpeg"}],"twitter_card":"summary_large_image","twitter_misc":{"Tahmini okuma s\u00fcresi":"2 dakika"},"schema":{"@context":"https:\/\/schema.org","@graph":[{"@type":"WebPage","@id":"https:\/\/woodworkantalya.com.tr\/index.php\/urun\/sheffield-otantik-dogal-ahsap-kanepe-kahve-renk\/","url":"https:\/\/woodworkantalya.com.tr\/index.php\/urun\/sheffield-otantik-dogal-ahsap-kanepe-kahve-renk\/","name":"Sheffield Otantik Do\u011fal Ah\u015fap Kanepe Kahve Renk - Wood Work Antalya","isPartOf":{"@id":"https:\/\/woodworkantalya.com.tr\/#website"},"primaryImageOfPage":{"@id":"https:\/\/woodworkantalya.com.tr\/index.php\/urun\/sheffield-otantik-dogal-ahsap-kanepe-kahve-renk\/#primaryimage"},"image":{"@id":"https:\/\/woodworkantalya.com.tr\/index.php\/urun\/sheffield-otantik-dogal-ahsap-kanepe-kahve-renk\/#primaryimage"},"thumbnailUrl":"http:\/\/woodworkantalya.com.tr\/wp-content\/uploads\/2025\/04\/kahve1.jpg","datePublished":"2025-04-12T13:08:58+00:00","dateModified":"2026-04-05T11:24:31+00:00","breadcrumb":{"@id":"https:\/\/woodworkantalya.com.tr\/index.php\/urun\/sheffield-otantik-dogal-ahsap-kanepe-kahve-renk\/#breadcrumb"},"inLanguage":"tr","potentialAction":[{"@type":"ReadAction","target":["https:\/\/woodworkantalya.com.tr\/index.php\/urun\/sheffield-otantik-dogal-ahsap-kanepe-kahve-renk\/"]}]},{"@type":"ImageObject","inLanguage":"tr","@id":"https:\/\/woodworkantalya.com.tr\/index.php\/urun\/sheffield-otantik-dogal-ahsap-kanepe-kahve-renk\/#primaryimage","url":"http:\/\/woodworkantalya.com.tr\/wp-content\/uploads\/2025\/04\/kahve1.jpg","contentUrl":"http:\/\/woodworkantalya.com.tr\/wp-content\/uploads\/2025\/04\/kahve1.jpg","width":2000,"height":2000},{"@type":"BreadcrumbList","@id":"https:\/\/woodworkantalya.com.tr\/index.php\/urun\/sheffield-otantik-dogal-ahsap-kanepe-kahve-renk\/#breadcrumb","itemListElement":[{"@type":"ListItem","position":1,"name":"Anasayfa","item":"https:\/\/woodworkantalya.com.tr\/"},{"@type":"ListItem","position":2,"name":"T\u00fcm \u00dcr\u00fcnler","item":"https:\/\/woodworkantalya.com.tr\/index.php\/shop\/"},{"@type":"ListItem","position":3,"name":"Sheffield Otantik Do\u011fal Ah\u015fap Kanepe Kahve Renk"}]},{"@type":"WebSite","@id":"https:\/\/woodworkantalya.com.tr\/#website","url":"https:\/\/woodworkantalya.com.tr\/","name":"Wood Work Antalya","description":"","publisher":{"@id":"https:\/\/woodworkantalya.com.tr\/#organization"},"potentialAction":[{"@type":"SearchAction","target":{"@type":"EntryPoint","urlTemplate":"https:\/\/woodworkantalya.com.tr\/?s={search_term_string}"},"query-input":{"@type":"PropertyValueSpecification","valueRequired":true,"valueName":"search_term_string"}}],"inLanguage":"tr"},{"@type":"Organization","@id":"https:\/\/woodworkantalya.com.tr\/#organization","name":"Wood Work Antalya","url":"https:\/\/woodworkantalya.com.tr\/","logo":{"@type":"ImageObject","inLanguage":"tr","@id":"https:\/\/woodworkantalya.com.tr\/#\/schema\/logo\/image\/","url":"http:\/\/woodworkantalya.com.tr\/wp-content\/uploads\/2024\/01\/woodwork-logo.png","contentUrl":"http:\/\/woodworkantalya.com.tr\/wp-content\/uploads\/2024\/01\/woodwork-logo.png","width":500,"height":500,"caption":"Wood Work Antalya"},"image":{"@id":"https:\/\/woodworkantalya.com.tr\/#\/schema\/logo\/image\/"}}]}},"_links":{"self":[{"href":"http:\/\/woodworkantalya.com.tr\/index.php\/wp-json\/wp\/v2\/product\/1988","targetHints":{"allow":["GET"]}}],"collection":[{"href":"http:\/\/woodworkantalya.com.tr\/index.php\/wp-json\/wp\/v2\/product"}],"about":[{"href":"http:\/\/woodworkantalya.com.tr\/index.php\/wp-json\/wp\/v2\/types\/product"}],"replies":[{"embeddable":true,"href":"http:\/\/woodworkantalya.com.tr\/index.php\/wp-json\/wp\/v2\/comments?post=1988"}],"wp:featuredmedia":[{"embeddable":true,"href":"http:\/\/woodworkantalya.com.tr\/index.php\/wp-json\/wp\/v2\/media\/1990"}],"wp:attachment":[{"href":"http:\/\/woodworkantalya.com.tr\/index.php\/wp-json\/wp\/v2\/media?parent=1988"}],"wp:term":[{"taxonomy":"product_brand","embeddable":true,"href":"http:\/\/woodworkantalya.com.tr\/index.php\/wp-json\/wp\/v2\/product_brand?post=1988"},{"taxonomy":"product_cat","embeddable":true,"href":"http:\/\/woodworkantalya.com.tr\/index.php\/wp-json\/wp\/v2\/product_cat?post=1988"},{"taxonomy":"product_tag","embeddable":true,"href":"http:\/\/woodworkantalya.com.tr\/index.php\/wp-json\/wp\/v2\/product_tag?post=1988"}],"curies":[{"name":"wp","href":"https:\/\/api.w.org\/{rel}","templated":true}]}}