{"id":2038,"date":"2025-04-12T16:30:31","date_gmt":"2025-04-12T13:30:31","guid":{"rendered":"https:\/\/woodworkantalya.com.tr\/?post_type=product&#038;p=2038"},"modified":"2026-03-02T21:12:04","modified_gmt":"2026-03-02T18:12:04","slug":"ahsap-bahce-balkon-takimi-211-natural-bej-renk","status":"publish","type":"product","link":"http:\/\/woodworkantalya.com.tr\/index.php\/urun\/ahsap-bahce-balkon-takimi-211-natural-bej-renk\/","title":{"rendered":"Ah\u015fap Bah\u00e7e Balkon Tak\u0131m\u0131 2+1+1 Natural Bej Renk"},"content":{"rendered":"<div class=\"woocommerce-tabs wc-tabs-wrapper\">\n<div id=\"tab-description\" class=\"woocommerce-Tabs-panel woocommerce-Tabs-panel--description panel entry-content wc-tab\" role=\"tabpanel\" aria-labelledby=\"tab-title-description\">\n<ul>\n<li>Bu \u00dcr\u00fcn Bah\u00e7e, Balkon, Teras, Cafe ve benzeri alanlarda kullan\u0131m\u0131na uygundur. \u00dcr\u00fcnlerimiz kendi i\u015fletmemizde \u00fcretilmekte olup \u00e7ok sa\u011flam ve dayan\u0131kl\u0131 bir \u00fcr\u00fcnd\u00fcr. \u00dcr\u00fcn minderinde 1.kalite 8 cm kal\u0131nl\u0131kta 28 DNS s\u00fcnger kullan\u0131lmaktad\u0131r s\u0131rt yast\u0131k dolgusu boncuk slikon ve k\u0131rp\u0131nt\u0131 s\u00fcnger kar\u0131\u015f\u0131m\u0131ndan olu\u015fmaktad\u0131r. \u00dcr\u00fcn minderinde ve yast\u0131\u011f\u0131nda dokuma keten kuma\u015f kullan\u0131lmaktad\u0131r. \u00dcr\u00fcn yast\u0131k ve minderi fermuarl\u0131 olup silinebilir veya y\u0131kanabilir. \u00dcr\u00fcn\u00fcm\u00fcz en ideal ve ergonomik \u00f6l\u00e7\u00fcler kullan\u0131larak imal edilmi\u015ftir. Hem alan bak\u0131m\u0131ndan tasarruf etmek hem de balkon, bah\u00e7e keyfini harmanlarken estetik bir atmosfer yaratmak isteyenlerin vazge\u00e7ilmezidir. \u00dcr\u00fcn de monte g\u00f6nderilmektedir kurulumu \u00e7ok kolayd\u0131r kurulum k\u0131lavuzu ve montaj aparatlar\u0131 \u00fcr\u00fcnle beraber kutu i\u00e7erisinde g\u00f6nderilmektedir.<\/li>\n<\/ul>\n<\/div>\n<\/div>\n<section class=\"related products\">\n<h2><\/h2>\n<\/section>\n","protected":false},"excerpt":{"rendered":"<p>Bu \u00dcr\u00fcn Bah\u00e7e, Balkon, Teras, Cafe ve benzeri alanlarda kullan\u0131m\u0131na uygundur. \u00dcr\u00fcnlerimiz kendi i\u015fletmemizde \u00fcretilmekte olup \u00e7ok sa\u011flam ve dayan\u0131kl\u0131 bir \u00fcr\u00fcnd\u00fcr. \u00dcr\u00fcn minderinde 1.kalite 8 cm kal\u0131nl\u0131kta 28 DNS [&hellip;]<\/p>\n","protected":false},"featured_media":2040,"comment_status":"open","ping_status":"closed","template":"","meta":[],"product_brand":[],"product_cat":[36],"product_tag":[],"class_list":{"0":"post-2038","1":"product","2":"type-product","3":"status-publish","4":"has-post-thumbnail","6":"product_cat-bahce-mobilyalari","8":"first","9":"outofstock","10":"sale","11":"shipping-taxable","12":"purchasable","13":"product-type-simple"},"yoast_head":"<!-- This site is optimized with the Yoast SEO plugin v25.5 - https:\/\/yoast.com\/wordpress\/plugins\/seo\/ -->\n<title>Ah\u015fap Bah\u00e7e Balkon Tak\u0131m\u0131 2+1+1 Natural Bej Renk - Wood Work Antalya<\/title>\n<meta name=\"robots\" content=\"index, follow, max-snippet:-1, max-image-preview:large, max-video-preview:-1\" \/>\n<link rel=\"canonical\" href=\"http:\/\/woodworkantalya.com.tr\/index.php\/urun\/ahsap-bahce-balkon-takimi-211-natural-bej-renk\/\" \/>\n<meta property=\"og:locale\" content=\"tr_TR\" \/>\n<meta property=\"og:type\" content=\"article\" \/>\n<meta property=\"og:title\" content=\"Ah\u015fap Bah\u00e7e Balkon Tak\u0131m\u0131 2+1+1 Natural Bej Renk - Wood Work Antalya\" \/>\n<meta property=\"og:description\" content=\"Bu \u00dcr\u00fcn Bah\u00e7e, Balkon, Teras, Cafe ve benzeri alanlarda kullan\u0131m\u0131na uygundur. \u00dcr\u00fcnlerimiz kendi i\u015fletmemizde \u00fcretilmekte olup \u00e7ok sa\u011flam ve dayan\u0131kl\u0131 bir \u00fcr\u00fcnd\u00fcr. \u00dcr\u00fcn minderinde 1.kalite 8 cm kal\u0131nl\u0131kta 28 DNS [&hellip;]\" \/>\n<meta property=\"og:url\" content=\"http:\/\/woodworkantalya.com.tr\/index.php\/urun\/ahsap-bahce-balkon-takimi-211-natural-bej-renk\/\" \/>\n<meta property=\"og:site_name\" content=\"Wood Work Antalya\" \/>\n<meta property=\"article:modified_time\" content=\"2026-03-02T18:12:04+00:00\" \/>\n<meta property=\"og:image\" content=\"http:\/\/woodworkantalya.com.tr\/wp-content\/uploads\/2025\/04\/ntrant47132.jpg\" \/>\n\t<meta property=\"og:image:width\" content=\"2000\" \/>\n\t<meta property=\"og:image:height\" content=\"2000\" \/>\n\t<meta property=\"og:image:type\" content=\"image\/jpeg\" \/>\n<meta name=\"twitter:card\" content=\"summary_large_image\" \/>\n<meta name=\"twitter:label1\" content=\"Tahmini okuma s\u00fcresi\" \/>\n\t<meta name=\"twitter:data1\" content=\"1 dakika\" \/>\n<script type=\"application\/ld+json\" class=\"yoast-schema-graph\">{\"@context\":\"https:\/\/schema.org\",\"@graph\":[{\"@type\":\"WebPage\",\"@id\":\"http:\/\/woodworkantalya.com.tr\/index.php\/urun\/ahsap-bahce-balkon-takimi-211-natural-bej-renk\/\",\"url\":\"http:\/\/woodworkantalya.com.tr\/index.php\/urun\/ahsap-bahce-balkon-takimi-211-natural-bej-renk\/\",\"name\":\"Ah\u015fap Bah\u00e7e Balkon Tak\u0131m\u0131 2+1+1 Natural Bej Renk - Wood Work Antalya\",\"isPartOf\":{\"@id\":\"https:\/\/woodworkantalya.com.tr\/#website\"},\"primaryImageOfPage\":{\"@id\":\"http:\/\/woodworkantalya.com.tr\/index.php\/urun\/ahsap-bahce-balkon-takimi-211-natural-bej-renk\/#primaryimage\"},\"image\":{\"@id\":\"http:\/\/woodworkantalya.com.tr\/index.php\/urun\/ahsap-bahce-balkon-takimi-211-natural-bej-renk\/#primaryimage\"},\"thumbnailUrl\":\"http:\/\/woodworkantalya.com.tr\/wp-content\/uploads\/2025\/04\/ntrant47132.jpg\",\"datePublished\":\"2025-04-12T13:30:31+00:00\",\"dateModified\":\"2026-03-02T18:12:04+00:00\",\"breadcrumb\":{\"@id\":\"http:\/\/woodworkantalya.com.tr\/index.php\/urun\/ahsap-bahce-balkon-takimi-211-natural-bej-renk\/#breadcrumb\"},\"inLanguage\":\"tr\",\"potentialAction\":[{\"@type\":\"ReadAction\",\"target\":[\"http:\/\/woodworkantalya.com.tr\/index.php\/urun\/ahsap-bahce-balkon-takimi-211-natural-bej-renk\/\"]}]},{\"@type\":\"ImageObject\",\"inLanguage\":\"tr\",\"@id\":\"http:\/\/woodworkantalya.com.tr\/index.php\/urun\/ahsap-bahce-balkon-takimi-211-natural-bej-renk\/#primaryimage\",\"url\":\"http:\/\/woodworkantalya.com.tr\/wp-content\/uploads\/2025\/04\/ntrant47132.jpg\",\"contentUrl\":\"http:\/\/woodworkantalya.com.tr\/wp-content\/uploads\/2025\/04\/ntrant47132.jpg\",\"width\":2000,\"height\":2000},{\"@type\":\"BreadcrumbList\",\"@id\":\"http:\/\/woodworkantalya.com.tr\/index.php\/urun\/ahsap-bahce-balkon-takimi-211-natural-bej-renk\/#breadcrumb\",\"itemListElement\":[{\"@type\":\"ListItem\",\"position\":1,\"name\":\"Anasayfa\",\"item\":\"https:\/\/woodworkantalya.com.tr\/\"},{\"@type\":\"ListItem\",\"position\":2,\"name\":\"T\u00fcm \u00dcr\u00fcnler\",\"item\":\"https:\/\/woodworkantalya.com.tr\/index.php\/shop\/\"},{\"@type\":\"ListItem\",\"position\":3,\"name\":\"Ah\u015fap Bah\u00e7e Balkon Tak\u0131m\u0131 2+1+1 Natural Bej Renk\"}]},{\"@type\":\"WebSite\",\"@id\":\"https:\/\/woodworkantalya.com.tr\/#website\",\"url\":\"https:\/\/woodworkantalya.com.tr\/\",\"name\":\"Wood Work Antalya\",\"description\":\"\",\"publisher\":{\"@id\":\"https:\/\/woodworkantalya.com.tr\/#organization\"},\"potentialAction\":[{\"@type\":\"SearchAction\",\"target\":{\"@type\":\"EntryPoint\",\"urlTemplate\":\"https:\/\/woodworkantalya.com.tr\/?s={search_term_string}\"},\"query-input\":{\"@type\":\"PropertyValueSpecification\",\"valueRequired\":true,\"valueName\":\"search_term_string\"}}],\"inLanguage\":\"tr\"},{\"@type\":\"Organization\",\"@id\":\"https:\/\/woodworkantalya.com.tr\/#organization\",\"name\":\"Wood Work Antalya\",\"url\":\"https:\/\/woodworkantalya.com.tr\/\",\"logo\":{\"@type\":\"ImageObject\",\"inLanguage\":\"tr\",\"@id\":\"https:\/\/woodworkantalya.com.tr\/#\/schema\/logo\/image\/\",\"url\":\"http:\/\/woodworkantalya.com.tr\/wp-content\/uploads\/2024\/01\/woodwork-logo.png\",\"contentUrl\":\"http:\/\/woodworkantalya.com.tr\/wp-content\/uploads\/2024\/01\/woodwork-logo.png\",\"width\":500,\"height\":500,\"caption\":\"Wood Work Antalya\"},\"image\":{\"@id\":\"https:\/\/woodworkantalya.com.tr\/#\/schema\/logo\/image\/\"}}]}<\/script>\n<!-- \/ Yoast SEO plugin. -->","yoast_head_json":{"title":"Ah\u015fap Bah\u00e7e Balkon Tak\u0131m\u0131 2+1+1 Natural Bej Renk - Wood Work Antalya","robots":{"index":"index","follow":"follow","max-snippet":"max-snippet:-1","max-image-preview":"max-image-preview:large","max-video-preview":"max-video-preview:-1"},"canonical":"http:\/\/woodworkantalya.com.tr\/index.php\/urun\/ahsap-bahce-balkon-takimi-211-natural-bej-renk\/","og_locale":"tr_TR","og_type":"article","og_title":"Ah\u015fap Bah\u00e7e Balkon Tak\u0131m\u0131 2+1+1 Natural Bej Renk - Wood Work Antalya","og_description":"Bu \u00dcr\u00fcn Bah\u00e7e, Balkon, Teras, Cafe ve benzeri alanlarda kullan\u0131m\u0131na uygundur. \u00dcr\u00fcnlerimiz kendi i\u015fletmemizde \u00fcretilmekte olup \u00e7ok sa\u011flam ve dayan\u0131kl\u0131 bir \u00fcr\u00fcnd\u00fcr. \u00dcr\u00fcn minderinde 1.kalite 8 cm kal\u0131nl\u0131kta 28 DNS [&hellip;]","og_url":"http:\/\/woodworkantalya.com.tr\/index.php\/urun\/ahsap-bahce-balkon-takimi-211-natural-bej-renk\/","og_site_name":"Wood Work Antalya","article_modified_time":"2026-03-02T18:12:04+00:00","og_image":[{"width":2000,"height":2000,"url":"http:\/\/woodworkantalya.com.tr\/wp-content\/uploads\/2025\/04\/ntrant47132.jpg","type":"image\/jpeg"}],"twitter_card":"summary_large_image","twitter_misc":{"Tahmini okuma s\u00fcresi":"1 dakika"},"schema":{"@context":"https:\/\/schema.org","@graph":[{"@type":"WebPage","@id":"http:\/\/woodworkantalya.com.tr\/index.php\/urun\/ahsap-bahce-balkon-takimi-211-natural-bej-renk\/","url":"http:\/\/woodworkantalya.com.tr\/index.php\/urun\/ahsap-bahce-balkon-takimi-211-natural-bej-renk\/","name":"Ah\u015fap Bah\u00e7e Balkon Tak\u0131m\u0131 2+1+1 Natural Bej Renk - Wood Work Antalya","isPartOf":{"@id":"https:\/\/woodworkantalya.com.tr\/#website"},"primaryImageOfPage":{"@id":"http:\/\/woodworkantalya.com.tr\/index.php\/urun\/ahsap-bahce-balkon-takimi-211-natural-bej-renk\/#primaryimage"},"image":{"@id":"http:\/\/woodworkantalya.com.tr\/index.php\/urun\/ahsap-bahce-balkon-takimi-211-natural-bej-renk\/#primaryimage"},"thumbnailUrl":"http:\/\/woodworkantalya.com.tr\/wp-content\/uploads\/2025\/04\/ntrant47132.jpg","datePublished":"2025-04-12T13:30:31+00:00","dateModified":"2026-03-02T18:12:04+00:00","breadcrumb":{"@id":"http:\/\/woodworkantalya.com.tr\/index.php\/urun\/ahsap-bahce-balkon-takimi-211-natural-bej-renk\/#breadcrumb"},"inLanguage":"tr","potentialAction":[{"@type":"ReadAction","target":["http:\/\/woodworkantalya.com.tr\/index.php\/urun\/ahsap-bahce-balkon-takimi-211-natural-bej-renk\/"]}]},{"@type":"ImageObject","inLanguage":"tr","@id":"http:\/\/woodworkantalya.com.tr\/index.php\/urun\/ahsap-bahce-balkon-takimi-211-natural-bej-renk\/#primaryimage","url":"http:\/\/woodworkantalya.com.tr\/wp-content\/uploads\/2025\/04\/ntrant47132.jpg","contentUrl":"http:\/\/woodworkantalya.com.tr\/wp-content\/uploads\/2025\/04\/ntrant47132.jpg","width":2000,"height":2000},{"@type":"BreadcrumbList","@id":"http:\/\/woodworkantalya.com.tr\/index.php\/urun\/ahsap-bahce-balkon-takimi-211-natural-bej-renk\/#breadcrumb","itemListElement":[{"@type":"ListItem","position":1,"name":"Anasayfa","item":"https:\/\/woodworkantalya.com.tr\/"},{"@type":"ListItem","position":2,"name":"T\u00fcm \u00dcr\u00fcnler","item":"https:\/\/woodworkantalya.com.tr\/index.php\/shop\/"},{"@type":"ListItem","position":3,"name":"Ah\u015fap Bah\u00e7e Balkon Tak\u0131m\u0131 2+1+1 Natural Bej Renk"}]},{"@type":"WebSite","@id":"https:\/\/woodworkantalya.com.tr\/#website","url":"https:\/\/woodworkantalya.com.tr\/","name":"Wood Work Antalya","description":"","publisher":{"@id":"https:\/\/woodworkantalya.com.tr\/#organization"},"potentialAction":[{"@type":"SearchAction","target":{"@type":"EntryPoint","urlTemplate":"https:\/\/woodworkantalya.com.tr\/?s={search_term_string}"},"query-input":{"@type":"PropertyValueSpecification","valueRequired":true,"valueName":"search_term_string"}}],"inLanguage":"tr"},{"@type":"Organization","@id":"https:\/\/woodworkantalya.com.tr\/#organization","name":"Wood Work Antalya","url":"https:\/\/woodworkantalya.com.tr\/","logo":{"@type":"ImageObject","inLanguage":"tr","@id":"https:\/\/woodworkantalya.com.tr\/#\/schema\/logo\/image\/","url":"http:\/\/woodworkantalya.com.tr\/wp-content\/uploads\/2024\/01\/woodwork-logo.png","contentUrl":"http:\/\/woodworkantalya.com.tr\/wp-content\/uploads\/2024\/01\/woodwork-logo.png","width":500,"height":500,"caption":"Wood Work Antalya"},"image":{"@id":"https:\/\/woodworkantalya.com.tr\/#\/schema\/logo\/image\/"}}]}},"_links":{"self":[{"href":"http:\/\/woodworkantalya.com.tr\/index.php\/wp-json\/wp\/v2\/product\/2038","targetHints":{"allow":["GET"]}}],"collection":[{"href":"http:\/\/woodworkantalya.com.tr\/index.php\/wp-json\/wp\/v2\/product"}],"about":[{"href":"http:\/\/woodworkantalya.com.tr\/index.php\/wp-json\/wp\/v2\/types\/product"}],"replies":[{"embeddable":true,"href":"http:\/\/woodworkantalya.com.tr\/index.php\/wp-json\/wp\/v2\/comments?post=2038"}],"wp:featuredmedia":[{"embeddable":true,"href":"http:\/\/woodworkantalya.com.tr\/index.php\/wp-json\/wp\/v2\/media\/2040"}],"wp:attachment":[{"href":"http:\/\/woodworkantalya.com.tr\/index.php\/wp-json\/wp\/v2\/media?parent=2038"}],"wp:term":[{"taxonomy":"product_brand","embeddable":true,"href":"http:\/\/woodworkantalya.com.tr\/index.php\/wp-json\/wp\/v2\/product_brand?post=2038"},{"taxonomy":"product_cat","embeddable":true,"href":"http:\/\/woodworkantalya.com.tr\/index.php\/wp-json\/wp\/v2\/product_cat?post=2038"},{"taxonomy":"product_tag","embeddable":true,"href":"http:\/\/woodworkantalya.com.tr\/index.php\/wp-json\/wp\/v2\/product_tag?post=2038"}],"curies":[{"name":"wp","href":"https:\/\/api.w.org\/{rel}","templated":true}]}}