{"id":2265,"date":"2025-10-18T09:35:20","date_gmt":"2025-10-18T06:35:20","guid":{"rendered":"https:\/\/woodworkantalya.com.tr\/?post_type=product&#038;p=2265"},"modified":"2026-04-05T14:23:58","modified_gmt":"2026-04-05T11:23:58","slug":"fonksiyonel-yatakli-otantik-masif-agac-minderli-kanepe","status":"publish","type":"product","link":"http:\/\/woodworkantalya.com.tr\/index.php\/urun\/fonksiyonel-yatakli-otantik-masif-agac-minderli-kanepe\/","title":{"rendered":"Fonksiyonel Yatakl\u0131 Otantik Masif A\u011fa\u00e7 Minderli Kanepe"},"content":{"rendered":"<p>Otantik tasar\u0131m\u0131yla dikkat \u00e7eken bu kanepe, do\u011fal ah\u015fap malzemelerle \u00fcretilmi\u015ftir.; kuma\u015f\u0131 sayesinde hafif ve konforlu bir oturum sunar.; &#8211; Ah\u015fap ayaklar\u0131 ile sa\u011flam ve dayan\u0131kl\u0131 bir yap\u0131ya sahiptir.; &#8211; \u0130kili koltuk tipi, geni\u015f kullan\u0131m alan\u0131 sa\u011flayarak mekan\u0131n\u0131za \u015f\u0131kl\u0131k katar.; &#8211; Yatak fonksiyonu ile misafirleriniz i\u00e7in ekstra konforlu bir alan olu\u015fturabilirsiniz.; &#8211; Tamamen el i\u015f\u00e7ili\u011fi ile \u00fcretilmi\u015f olmas\u0131, yerel kaynaklar\u0131n korunmas\u0131na katk\u0131da bulunurken kalite standartlar\u0131n\u0131 da kar\u015f\u0131lar.; &#8211; Geni\u015fli\u011fi 175 cm olan bu kanepe, bah\u00e7e balkon teras b\u00fcy\u00fck k\u00fc\u00e7\u00fck odalar i\u00e7in idealdir.; &#8211; \u0130skandinav stilinin sadeli\u011fi ve modern \u00e7izgilerini evinize ta\u015f\u0131r.; &#8211; Orta sert oturma y\u00fczeyi, uzun s\u00fcreli kullan\u0131mlarda bile konforundan \u00f6d\u00fcn vermez.; &#8211; tasar\u0131m\u0131 sayesinde rahat\u00e7a oturman\u0131z i\u00e7in yeterli alan sunarken ayn\u0131 zamanda estetik g\u00f6r\u00fcn\u00fcm kazand\u0131r\u0131r.; &#8211; \u00dcr\u00fcn\u00fcm\u00fcz 1 adet iskelet , 1 adet oturma minderi , 2 adet yast\u0131k ,olarak g\u00f6nderilecektir.; &#8211; \u00dcr\u00fcn\u00fcm\u00fcz\u00fcn s\u0131rt ve kollar\u0131 demonte bir \u015fekilde g\u00f6nderilmekte olup kurulumu son derece basittir.; Kurulum k\u0131lavuzu ve montaj aparatlar\u0131 \u00fcr\u00fcnle beraber g\u00f6nderilmektedir.; &#8211; Foto\u011fraf \u00e7ekiminde kullan\u0131lan aksesuarlar fiyata dahil de\u011fildir.<\/p>\n","protected":false},"excerpt":{"rendered":"<p>Otantik tasar\u0131m\u0131yla dikkat \u00e7eken bu kanepe, do\u011fal ah\u015fap malzemelerle \u00fcretilmi\u015ftir.; kuma\u015f\u0131 sayesinde hafif ve konforlu bir oturum sunar.; &#8211; Ah\u015fap ayaklar\u0131 ile sa\u011flam ve dayan\u0131kl\u0131 bir yap\u0131ya sahiptir.; &#8211; \u0130kili [&hellip;]<\/p>\n","protected":false},"featured_media":2287,"comment_status":"open","ping_status":"closed","template":"","meta":[],"product_brand":[],"product_cat":[27,44],"product_tag":[],"class_list":{"0":"post-2265","1":"product","2":"type-product","3":"status-publish","4":"has-post-thumbnail","6":"product_cat-calisma-masalari","7":"product_cat-oturma-odalari","9":"first","10":"instock","11":"sale","12":"shipping-taxable","13":"purchasable","14":"product-type-simple"},"yoast_head":"<!-- This site is optimized with the Yoast SEO plugin v25.5 - https:\/\/yoast.com\/wordpress\/plugins\/seo\/ -->\n<title>Fonksiyonel Yatakl\u0131 Otantik Masif A\u011fa\u00e7 Minderli Kanepe - Wood Work Antalya<\/title>\n<meta name=\"robots\" content=\"index, follow, max-snippet:-1, max-image-preview:large, max-video-preview:-1\" \/>\n<link rel=\"canonical\" href=\"https:\/\/woodworkantalya.com.tr\/index.php\/urun\/fonksiyonel-yatakli-otantik-masif-agac-minderli-kanepe\/\" \/>\n<meta property=\"og:locale\" content=\"tr_TR\" \/>\n<meta property=\"og:type\" content=\"article\" \/>\n<meta property=\"og:title\" content=\"Fonksiyonel Yatakl\u0131 Otantik Masif A\u011fa\u00e7 Minderli Kanepe - Wood Work Antalya\" \/>\n<meta property=\"og:description\" content=\"Otantik tasar\u0131m\u0131yla dikkat \u00e7eken bu kanepe, do\u011fal ah\u015fap malzemelerle \u00fcretilmi\u015ftir.; kuma\u015f\u0131 sayesinde hafif ve konforlu bir oturum sunar.; &#8211; Ah\u015fap ayaklar\u0131 ile sa\u011flam ve dayan\u0131kl\u0131 bir yap\u0131ya sahiptir.; &#8211; \u0130kili [&hellip;]\" \/>\n<meta property=\"og:url\" content=\"https:\/\/woodworkantalya.com.tr\/index.php\/urun\/fonksiyonel-yatakli-otantik-masif-agac-minderli-kanepe\/\" \/>\n<meta property=\"og:site_name\" content=\"Wood Work Antalya\" \/>\n<meta property=\"article:modified_time\" content=\"2026-04-05T11:23:58+00:00\" \/>\n<meta property=\"og:image\" content=\"https:\/\/woodworkantalya.com.tr\/wp-content\/uploads\/2025\/10\/Gemini_Generated_Image_ege11qege11qege1.jpg\" \/>\n\t<meta property=\"og:image:width\" content=\"2048\" \/>\n\t<meta property=\"og:image:height\" content=\"2048\" \/>\n\t<meta property=\"og:image:type\" content=\"image\/jpeg\" \/>\n<meta name=\"twitter:card\" content=\"summary_large_image\" \/>\n<meta name=\"twitter:label1\" content=\"Tahmini okuma s\u00fcresi\" \/>\n\t<meta name=\"twitter:data1\" content=\"2 dakika\" \/>\n<script type=\"application\/ld+json\" class=\"yoast-schema-graph\">{\"@context\":\"https:\/\/schema.org\",\"@graph\":[{\"@type\":\"WebPage\",\"@id\":\"https:\/\/woodworkantalya.com.tr\/index.php\/urun\/fonksiyonel-yatakli-otantik-masif-agac-minderli-kanepe\/\",\"url\":\"https:\/\/woodworkantalya.com.tr\/index.php\/urun\/fonksiyonel-yatakli-otantik-masif-agac-minderli-kanepe\/\",\"name\":\"Fonksiyonel Yatakl\u0131 Otantik Masif A\u011fa\u00e7 Minderli Kanepe - Wood Work Antalya\",\"isPartOf\":{\"@id\":\"https:\/\/woodworkantalya.com.tr\/#website\"},\"primaryImageOfPage\":{\"@id\":\"https:\/\/woodworkantalya.com.tr\/index.php\/urun\/fonksiyonel-yatakli-otantik-masif-agac-minderli-kanepe\/#primaryimage\"},\"image\":{\"@id\":\"https:\/\/woodworkantalya.com.tr\/index.php\/urun\/fonksiyonel-yatakli-otantik-masif-agac-minderli-kanepe\/#primaryimage\"},\"thumbnailUrl\":\"http:\/\/woodworkantalya.com.tr\/wp-content\/uploads\/2025\/10\/Gemini_Generated_Image_ege11qege11qege1.jpg\",\"datePublished\":\"2025-10-18T06:35:20+00:00\",\"dateModified\":\"2026-04-05T11:23:58+00:00\",\"breadcrumb\":{\"@id\":\"https:\/\/woodworkantalya.com.tr\/index.php\/urun\/fonksiyonel-yatakli-otantik-masif-agac-minderli-kanepe\/#breadcrumb\"},\"inLanguage\":\"tr\",\"potentialAction\":[{\"@type\":\"ReadAction\",\"target\":[\"https:\/\/woodworkantalya.com.tr\/index.php\/urun\/fonksiyonel-yatakli-otantik-masif-agac-minderli-kanepe\/\"]}]},{\"@type\":\"ImageObject\",\"inLanguage\":\"tr\",\"@id\":\"https:\/\/woodworkantalya.com.tr\/index.php\/urun\/fonksiyonel-yatakli-otantik-masif-agac-minderli-kanepe\/#primaryimage\",\"url\":\"http:\/\/woodworkantalya.com.tr\/wp-content\/uploads\/2025\/10\/Gemini_Generated_Image_ege11qege11qege1.jpg\",\"contentUrl\":\"http:\/\/woodworkantalya.com.tr\/wp-content\/uploads\/2025\/10\/Gemini_Generated_Image_ege11qege11qege1.jpg\",\"width\":2048,\"height\":2048},{\"@type\":\"BreadcrumbList\",\"@id\":\"https:\/\/woodworkantalya.com.tr\/index.php\/urun\/fonksiyonel-yatakli-otantik-masif-agac-minderli-kanepe\/#breadcrumb\",\"itemListElement\":[{\"@type\":\"ListItem\",\"position\":1,\"name\":\"Anasayfa\",\"item\":\"https:\/\/woodworkantalya.com.tr\/\"},{\"@type\":\"ListItem\",\"position\":2,\"name\":\"T\u00fcm \u00dcr\u00fcnler\",\"item\":\"https:\/\/woodworkantalya.com.tr\/index.php\/shop\/\"},{\"@type\":\"ListItem\",\"position\":3,\"name\":\"Fonksiyonel Yatakl\u0131 Otantik Masif A\u011fa\u00e7 Minderli Kanepe\"}]},{\"@type\":\"WebSite\",\"@id\":\"https:\/\/woodworkantalya.com.tr\/#website\",\"url\":\"https:\/\/woodworkantalya.com.tr\/\",\"name\":\"Wood Work Antalya\",\"description\":\"\",\"publisher\":{\"@id\":\"https:\/\/woodworkantalya.com.tr\/#organization\"},\"potentialAction\":[{\"@type\":\"SearchAction\",\"target\":{\"@type\":\"EntryPoint\",\"urlTemplate\":\"https:\/\/woodworkantalya.com.tr\/?s={search_term_string}\"},\"query-input\":{\"@type\":\"PropertyValueSpecification\",\"valueRequired\":true,\"valueName\":\"search_term_string\"}}],\"inLanguage\":\"tr\"},{\"@type\":\"Organization\",\"@id\":\"https:\/\/woodworkantalya.com.tr\/#organization\",\"name\":\"Wood Work Antalya\",\"url\":\"https:\/\/woodworkantalya.com.tr\/\",\"logo\":{\"@type\":\"ImageObject\",\"inLanguage\":\"tr\",\"@id\":\"https:\/\/woodworkantalya.com.tr\/#\/schema\/logo\/image\/\",\"url\":\"http:\/\/woodworkantalya.com.tr\/wp-content\/uploads\/2024\/01\/woodwork-logo.png\",\"contentUrl\":\"http:\/\/woodworkantalya.com.tr\/wp-content\/uploads\/2024\/01\/woodwork-logo.png\",\"width\":500,\"height\":500,\"caption\":\"Wood Work Antalya\"},\"image\":{\"@id\":\"https:\/\/woodworkantalya.com.tr\/#\/schema\/logo\/image\/\"}}]}<\/script>\n<!-- \/ Yoast SEO plugin. -->","yoast_head_json":{"title":"Fonksiyonel Yatakl\u0131 Otantik Masif A\u011fa\u00e7 Minderli Kanepe - Wood Work Antalya","robots":{"index":"index","follow":"follow","max-snippet":"max-snippet:-1","max-image-preview":"max-image-preview:large","max-video-preview":"max-video-preview:-1"},"canonical":"https:\/\/woodworkantalya.com.tr\/index.php\/urun\/fonksiyonel-yatakli-otantik-masif-agac-minderli-kanepe\/","og_locale":"tr_TR","og_type":"article","og_title":"Fonksiyonel Yatakl\u0131 Otantik Masif A\u011fa\u00e7 Minderli Kanepe - Wood Work Antalya","og_description":"Otantik tasar\u0131m\u0131yla dikkat \u00e7eken bu kanepe, do\u011fal ah\u015fap malzemelerle \u00fcretilmi\u015ftir.; kuma\u015f\u0131 sayesinde hafif ve konforlu bir oturum sunar.; &#8211; Ah\u015fap ayaklar\u0131 ile sa\u011flam ve dayan\u0131kl\u0131 bir yap\u0131ya sahiptir.; &#8211; \u0130kili [&hellip;]","og_url":"https:\/\/woodworkantalya.com.tr\/index.php\/urun\/fonksiyonel-yatakli-otantik-masif-agac-minderli-kanepe\/","og_site_name":"Wood Work Antalya","article_modified_time":"2026-04-05T11:23:58+00:00","og_image":[{"width":2048,"height":2048,"url":"https:\/\/woodworkantalya.com.tr\/wp-content\/uploads\/2025\/10\/Gemini_Generated_Image_ege11qege11qege1.jpg","type":"image\/jpeg"}],"twitter_card":"summary_large_image","twitter_misc":{"Tahmini okuma s\u00fcresi":"2 dakika"},"schema":{"@context":"https:\/\/schema.org","@graph":[{"@type":"WebPage","@id":"https:\/\/woodworkantalya.com.tr\/index.php\/urun\/fonksiyonel-yatakli-otantik-masif-agac-minderli-kanepe\/","url":"https:\/\/woodworkantalya.com.tr\/index.php\/urun\/fonksiyonel-yatakli-otantik-masif-agac-minderli-kanepe\/","name":"Fonksiyonel Yatakl\u0131 Otantik Masif A\u011fa\u00e7 Minderli Kanepe - Wood Work Antalya","isPartOf":{"@id":"https:\/\/woodworkantalya.com.tr\/#website"},"primaryImageOfPage":{"@id":"https:\/\/woodworkantalya.com.tr\/index.php\/urun\/fonksiyonel-yatakli-otantik-masif-agac-minderli-kanepe\/#primaryimage"},"image":{"@id":"https:\/\/woodworkantalya.com.tr\/index.php\/urun\/fonksiyonel-yatakli-otantik-masif-agac-minderli-kanepe\/#primaryimage"},"thumbnailUrl":"http:\/\/woodworkantalya.com.tr\/wp-content\/uploads\/2025\/10\/Gemini_Generated_Image_ege11qege11qege1.jpg","datePublished":"2025-10-18T06:35:20+00:00","dateModified":"2026-04-05T11:23:58+00:00","breadcrumb":{"@id":"https:\/\/woodworkantalya.com.tr\/index.php\/urun\/fonksiyonel-yatakli-otantik-masif-agac-minderli-kanepe\/#breadcrumb"},"inLanguage":"tr","potentialAction":[{"@type":"ReadAction","target":["https:\/\/woodworkantalya.com.tr\/index.php\/urun\/fonksiyonel-yatakli-otantik-masif-agac-minderli-kanepe\/"]}]},{"@type":"ImageObject","inLanguage":"tr","@id":"https:\/\/woodworkantalya.com.tr\/index.php\/urun\/fonksiyonel-yatakli-otantik-masif-agac-minderli-kanepe\/#primaryimage","url":"http:\/\/woodworkantalya.com.tr\/wp-content\/uploads\/2025\/10\/Gemini_Generated_Image_ege11qege11qege1.jpg","contentUrl":"http:\/\/woodworkantalya.com.tr\/wp-content\/uploads\/2025\/10\/Gemini_Generated_Image_ege11qege11qege1.jpg","width":2048,"height":2048},{"@type":"BreadcrumbList","@id":"https:\/\/woodworkantalya.com.tr\/index.php\/urun\/fonksiyonel-yatakli-otantik-masif-agac-minderli-kanepe\/#breadcrumb","itemListElement":[{"@type":"ListItem","position":1,"name":"Anasayfa","item":"https:\/\/woodworkantalya.com.tr\/"},{"@type":"ListItem","position":2,"name":"T\u00fcm \u00dcr\u00fcnler","item":"https:\/\/woodworkantalya.com.tr\/index.php\/shop\/"},{"@type":"ListItem","position":3,"name":"Fonksiyonel Yatakl\u0131 Otantik Masif A\u011fa\u00e7 Minderli Kanepe"}]},{"@type":"WebSite","@id":"https:\/\/woodworkantalya.com.tr\/#website","url":"https:\/\/woodworkantalya.com.tr\/","name":"Wood Work Antalya","description":"","publisher":{"@id":"https:\/\/woodworkantalya.com.tr\/#organization"},"potentialAction":[{"@type":"SearchAction","target":{"@type":"EntryPoint","urlTemplate":"https:\/\/woodworkantalya.com.tr\/?s={search_term_string}"},"query-input":{"@type":"PropertyValueSpecification","valueRequired":true,"valueName":"search_term_string"}}],"inLanguage":"tr"},{"@type":"Organization","@id":"https:\/\/woodworkantalya.com.tr\/#organization","name":"Wood Work Antalya","url":"https:\/\/woodworkantalya.com.tr\/","logo":{"@type":"ImageObject","inLanguage":"tr","@id":"https:\/\/woodworkantalya.com.tr\/#\/schema\/logo\/image\/","url":"http:\/\/woodworkantalya.com.tr\/wp-content\/uploads\/2024\/01\/woodwork-logo.png","contentUrl":"http:\/\/woodworkantalya.com.tr\/wp-content\/uploads\/2024\/01\/woodwork-logo.png","width":500,"height":500,"caption":"Wood Work Antalya"},"image":{"@id":"https:\/\/woodworkantalya.com.tr\/#\/schema\/logo\/image\/"}}]}},"_links":{"self":[{"href":"http:\/\/woodworkantalya.com.tr\/index.php\/wp-json\/wp\/v2\/product\/2265","targetHints":{"allow":["GET"]}}],"collection":[{"href":"http:\/\/woodworkantalya.com.tr\/index.php\/wp-json\/wp\/v2\/product"}],"about":[{"href":"http:\/\/woodworkantalya.com.tr\/index.php\/wp-json\/wp\/v2\/types\/product"}],"replies":[{"embeddable":true,"href":"http:\/\/woodworkantalya.com.tr\/index.php\/wp-json\/wp\/v2\/comments?post=2265"}],"wp:featuredmedia":[{"embeddable":true,"href":"http:\/\/woodworkantalya.com.tr\/index.php\/wp-json\/wp\/v2\/media\/2287"}],"wp:attachment":[{"href":"http:\/\/woodworkantalya.com.tr\/index.php\/wp-json\/wp\/v2\/media?parent=2265"}],"wp:term":[{"taxonomy":"product_brand","embeddable":true,"href":"http:\/\/woodworkantalya.com.tr\/index.php\/wp-json\/wp\/v2\/product_brand?post=2265"},{"taxonomy":"product_cat","embeddable":true,"href":"http:\/\/woodworkantalya.com.tr\/index.php\/wp-json\/wp\/v2\/product_cat?post=2265"},{"taxonomy":"product_tag","embeddable":true,"href":"http:\/\/woodworkantalya.com.tr\/index.php\/wp-json\/wp\/v2\/product_tag?post=2265"}],"curies":[{"name":"wp","href":"https:\/\/api.w.org\/{rel}","templated":true}]}}