{"id":2293,"date":"2025-12-31T22:51:27","date_gmt":"2025-12-31T19:51:27","guid":{"rendered":"https:\/\/woodworkantalya.com.tr\/?post_type=product&#038;p=2293"},"modified":"2026-03-02T21:18:29","modified_gmt":"2026-03-02T18:18:29","slug":"eylul-masif-agac-180x180-cok-amacli-kitaplik","status":"publish","type":"product","link":"http:\/\/woodworkantalya.com.tr\/index.php\/urun\/eylul-masif-agac-180x180-cok-amacli-kitaplik\/","title":{"rendered":"EYL\u00dcL MAS\u0130F A\u011eA\u00c7 180X180 \u00c7OK AMA\u00c7LI K\u0130TAPLIK"},"content":{"rendered":"<div id=\"rich-content-wrapper\">\n<div>\n<div>1.S\u0131n\u0131f f\u0131r\u0131nlanm\u0131\u015f masif \u00e7am a\u011fac\u0131ndan \u00fcretilmi\u015ftir. \u00a0 \u00a0*Geni\u015f ve kullan\u0131\u015fl\u0131 tasar\u0131m\u0131yla, 180 cm geni\u015fli\u011fe sahip bu kitapl\u0131k, kitaplar\u0131n\u0131z ve di\u011fer e\u015fyalar\u0131n\u0131z i\u00e7in geni\u015f bir depolama alan\u0131 sunar.<\/div>\n<div>*Klasik tasar\u0131m\u0131yla her t\u00fcrl\u00fc dekorasyona kolayca uyum sa\u011flar ve mekan\u0131n\u0131za \u015f\u0131k bir dokunu\u015f katar.<\/div>\n<div>*T\u00fcrkiye&#8217;de \u00fcretilen bu \u00fcr\u00fcn, yerel i\u015f\u00e7ili\u011fi ve kaliteli malzemeleriyle \u00f6ne \u00e7\u0131kar.<\/div>\n<div>*Sa\u011flam ah\u015fap materyali sayesinde uzun \u00f6m\u00fcrl\u00fc kullan\u0131m vaat eder ve dayan\u0131kl\u0131l\u0131\u011f\u0131 ile dikkat \u00e7eker.<\/div>\n<div>*180 cm y\u00fcksekli\u011fiyle hem yerden tasarruf sa\u011flar hem de kitaplar\u0131n\u0131z i\u00e7in yeterli alan sunar.<\/div>\n<div>*26 cm derinli\u011fi, kitaplar\u0131n\u0131z\u0131n rahat\u00e7a yerle\u015ftirilmesine olanak tan\u0131rken Be\u015f adet raf\u0131 ile farkl\u0131 boyutlardaki kitaplar\u0131n\u0131z i\u00e7in ideal bir d\u00fczenleme \u00e7\u00f6z\u00fcm\u00fc sunar.<\/div>\n<div>*\u00dcr\u00fcn demonte olarak g\u00f6nderilmektedir, kurulumu \u00e7ok kolay extra hi\u00e7 bir destek almadan sadece tornavida yerd\u0131m\u0131 ile kurulabilir montaj aparatlar\u0131 ve kurulum klavuzu \u00fcr\u00fcn\u00fcn i\u00e7indedir.<\/div>\n<\/div>\n<\/div>\n","protected":false},"excerpt":{"rendered":"<p>1.S\u0131n\u0131f f\u0131r\u0131nlanm\u0131\u015f masif \u00e7am a\u011fac\u0131ndan \u00fcretilmi\u015ftir. \u00a0 \u00a0*Geni\u015f ve kullan\u0131\u015fl\u0131 tasar\u0131m\u0131yla, 180 cm geni\u015fli\u011fe sahip bu kitapl\u0131k, kitaplar\u0131n\u0131z ve di\u011fer e\u015fyalar\u0131n\u0131z i\u00e7in geni\u015f bir depolama alan\u0131 sunar. *Klasik tasar\u0131m\u0131yla her [&hellip;]<\/p>\n","protected":false},"featured_media":2294,"comment_status":"open","ping_status":"closed","template":"","meta":[],"product_brand":[],"product_cat":[45,22],"product_tag":[],"class_list":{"0":"post-2293","1":"product","2":"type-product","3":"status-publish","4":"has-post-thumbnail","6":"product_cat-calisma-odalari","7":"product_cat-kitapliklar","9":"first","10":"instock","11":"sale","12":"shipping-taxable","13":"purchasable","14":"product-type-simple"},"yoast_head":"<!-- This site is optimized with the Yoast SEO plugin v25.5 - https:\/\/yoast.com\/wordpress\/plugins\/seo\/ -->\n<title>EYL\u00dcL MAS\u0130F A\u011eA\u00c7 180X180 \u00c7OK AMA\u00c7LI K\u0130TAPLIK - Wood Work Antalya<\/title>\n<meta name=\"robots\" content=\"index, follow, max-snippet:-1, max-image-preview:large, max-video-preview:-1\" \/>\n<link rel=\"canonical\" href=\"http:\/\/woodworkantalya.com.tr\/index.php\/urun\/eylul-masif-agac-180x180-cok-amacli-kitaplik\/\" \/>\n<meta property=\"og:locale\" content=\"tr_TR\" \/>\n<meta property=\"og:type\" content=\"article\" \/>\n<meta property=\"og:title\" content=\"EYL\u00dcL MAS\u0130F A\u011eA\u00c7 180X180 \u00c7OK AMA\u00c7LI K\u0130TAPLIK - Wood Work Antalya\" \/>\n<meta property=\"og:description\" content=\"1.S\u0131n\u0131f f\u0131r\u0131nlanm\u0131\u015f masif \u00e7am a\u011fac\u0131ndan \u00fcretilmi\u015ftir. \u00a0 \u00a0*Geni\u015f ve kullan\u0131\u015fl\u0131 tasar\u0131m\u0131yla, 180 cm geni\u015fli\u011fe sahip bu kitapl\u0131k, kitaplar\u0131n\u0131z ve di\u011fer e\u015fyalar\u0131n\u0131z i\u00e7in geni\u015f bir depolama alan\u0131 sunar. *Klasik tasar\u0131m\u0131yla her [&hellip;]\" \/>\n<meta property=\"og:url\" content=\"http:\/\/woodworkantalya.com.tr\/index.php\/urun\/eylul-masif-agac-180x180-cok-amacli-kitaplik\/\" \/>\n<meta property=\"og:site_name\" content=\"Wood Work Antalya\" \/>\n<meta property=\"article:modified_time\" content=\"2026-03-02T18:18:29+00:00\" \/>\n<meta property=\"og:image\" content=\"http:\/\/woodworkantalya.com.tr\/wp-content\/uploads\/2025\/12\/kt.jpg\" \/>\n\t<meta property=\"og:image:width\" content=\"687\" \/>\n\t<meta property=\"og:image:height\" content=\"1024\" \/>\n\t<meta property=\"og:image:type\" content=\"image\/jpeg\" \/>\n<meta name=\"twitter:card\" content=\"summary_large_image\" \/>\n<meta name=\"twitter:label1\" content=\"Tahmini okuma s\u00fcresi\" \/>\n\t<meta name=\"twitter:data1\" content=\"1 dakika\" \/>\n<script type=\"application\/ld+json\" class=\"yoast-schema-graph\">{\"@context\":\"https:\/\/schema.org\",\"@graph\":[{\"@type\":\"WebPage\",\"@id\":\"http:\/\/woodworkantalya.com.tr\/index.php\/urun\/eylul-masif-agac-180x180-cok-amacli-kitaplik\/\",\"url\":\"http:\/\/woodworkantalya.com.tr\/index.php\/urun\/eylul-masif-agac-180x180-cok-amacli-kitaplik\/\",\"name\":\"EYL\u00dcL MAS\u0130F A\u011eA\u00c7 180X180 \u00c7OK AMA\u00c7LI K\u0130TAPLIK - Wood Work Antalya\",\"isPartOf\":{\"@id\":\"https:\/\/woodworkantalya.com.tr\/#website\"},\"primaryImageOfPage\":{\"@id\":\"http:\/\/woodworkantalya.com.tr\/index.php\/urun\/eylul-masif-agac-180x180-cok-amacli-kitaplik\/#primaryimage\"},\"image\":{\"@id\":\"http:\/\/woodworkantalya.com.tr\/index.php\/urun\/eylul-masif-agac-180x180-cok-amacli-kitaplik\/#primaryimage\"},\"thumbnailUrl\":\"http:\/\/woodworkantalya.com.tr\/wp-content\/uploads\/2025\/12\/kt.jpg\",\"datePublished\":\"2025-12-31T19:51:27+00:00\",\"dateModified\":\"2026-03-02T18:18:29+00:00\",\"breadcrumb\":{\"@id\":\"http:\/\/woodworkantalya.com.tr\/index.php\/urun\/eylul-masif-agac-180x180-cok-amacli-kitaplik\/#breadcrumb\"},\"inLanguage\":\"tr\",\"potentialAction\":[{\"@type\":\"ReadAction\",\"target\":[\"http:\/\/woodworkantalya.com.tr\/index.php\/urun\/eylul-masif-agac-180x180-cok-amacli-kitaplik\/\"]}]},{\"@type\":\"ImageObject\",\"inLanguage\":\"tr\",\"@id\":\"http:\/\/woodworkantalya.com.tr\/index.php\/urun\/eylul-masif-agac-180x180-cok-amacli-kitaplik\/#primaryimage\",\"url\":\"http:\/\/woodworkantalya.com.tr\/wp-content\/uploads\/2025\/12\/kt.jpg\",\"contentUrl\":\"http:\/\/woodworkantalya.com.tr\/wp-content\/uploads\/2025\/12\/kt.jpg\",\"width\":687,\"height\":1024},{\"@type\":\"BreadcrumbList\",\"@id\":\"http:\/\/woodworkantalya.com.tr\/index.php\/urun\/eylul-masif-agac-180x180-cok-amacli-kitaplik\/#breadcrumb\",\"itemListElement\":[{\"@type\":\"ListItem\",\"position\":1,\"name\":\"Anasayfa\",\"item\":\"https:\/\/woodworkantalya.com.tr\/\"},{\"@type\":\"ListItem\",\"position\":2,\"name\":\"T\u00fcm \u00dcr\u00fcnler\",\"item\":\"https:\/\/woodworkantalya.com.tr\/index.php\/shop\/\"},{\"@type\":\"ListItem\",\"position\":3,\"name\":\"EYL\u00dcL MAS\u0130F A\u011eA\u00c7 180X180 \u00c7OK AMA\u00c7LI K\u0130TAPLIK\"}]},{\"@type\":\"WebSite\",\"@id\":\"https:\/\/woodworkantalya.com.tr\/#website\",\"url\":\"https:\/\/woodworkantalya.com.tr\/\",\"name\":\"Wood Work Antalya\",\"description\":\"\",\"publisher\":{\"@id\":\"https:\/\/woodworkantalya.com.tr\/#organization\"},\"potentialAction\":[{\"@type\":\"SearchAction\",\"target\":{\"@type\":\"EntryPoint\",\"urlTemplate\":\"https:\/\/woodworkantalya.com.tr\/?s={search_term_string}\"},\"query-input\":{\"@type\":\"PropertyValueSpecification\",\"valueRequired\":true,\"valueName\":\"search_term_string\"}}],\"inLanguage\":\"tr\"},{\"@type\":\"Organization\",\"@id\":\"https:\/\/woodworkantalya.com.tr\/#organization\",\"name\":\"Wood Work Antalya\",\"url\":\"https:\/\/woodworkantalya.com.tr\/\",\"logo\":{\"@type\":\"ImageObject\",\"inLanguage\":\"tr\",\"@id\":\"https:\/\/woodworkantalya.com.tr\/#\/schema\/logo\/image\/\",\"url\":\"http:\/\/woodworkantalya.com.tr\/wp-content\/uploads\/2024\/01\/woodwork-logo.png\",\"contentUrl\":\"http:\/\/woodworkantalya.com.tr\/wp-content\/uploads\/2024\/01\/woodwork-logo.png\",\"width\":500,\"height\":500,\"caption\":\"Wood Work Antalya\"},\"image\":{\"@id\":\"https:\/\/woodworkantalya.com.tr\/#\/schema\/logo\/image\/\"}}]}<\/script>\n<!-- \/ Yoast SEO plugin. -->","yoast_head_json":{"title":"EYL\u00dcL MAS\u0130F A\u011eA\u00c7 180X180 \u00c7OK AMA\u00c7LI K\u0130TAPLIK - Wood Work Antalya","robots":{"index":"index","follow":"follow","max-snippet":"max-snippet:-1","max-image-preview":"max-image-preview:large","max-video-preview":"max-video-preview:-1"},"canonical":"http:\/\/woodworkantalya.com.tr\/index.php\/urun\/eylul-masif-agac-180x180-cok-amacli-kitaplik\/","og_locale":"tr_TR","og_type":"article","og_title":"EYL\u00dcL MAS\u0130F A\u011eA\u00c7 180X180 \u00c7OK AMA\u00c7LI K\u0130TAPLIK - Wood Work Antalya","og_description":"1.S\u0131n\u0131f f\u0131r\u0131nlanm\u0131\u015f masif \u00e7am a\u011fac\u0131ndan \u00fcretilmi\u015ftir. \u00a0 \u00a0*Geni\u015f ve kullan\u0131\u015fl\u0131 tasar\u0131m\u0131yla, 180 cm geni\u015fli\u011fe sahip bu kitapl\u0131k, kitaplar\u0131n\u0131z ve di\u011fer e\u015fyalar\u0131n\u0131z i\u00e7in geni\u015f bir depolama alan\u0131 sunar. *Klasik tasar\u0131m\u0131yla her [&hellip;]","og_url":"http:\/\/woodworkantalya.com.tr\/index.php\/urun\/eylul-masif-agac-180x180-cok-amacli-kitaplik\/","og_site_name":"Wood Work Antalya","article_modified_time":"2026-03-02T18:18:29+00:00","og_image":[{"width":687,"height":1024,"url":"http:\/\/woodworkantalya.com.tr\/wp-content\/uploads\/2025\/12\/kt.jpg","type":"image\/jpeg"}],"twitter_card":"summary_large_image","twitter_misc":{"Tahmini okuma s\u00fcresi":"1 dakika"},"schema":{"@context":"https:\/\/schema.org","@graph":[{"@type":"WebPage","@id":"http:\/\/woodworkantalya.com.tr\/index.php\/urun\/eylul-masif-agac-180x180-cok-amacli-kitaplik\/","url":"http:\/\/woodworkantalya.com.tr\/index.php\/urun\/eylul-masif-agac-180x180-cok-amacli-kitaplik\/","name":"EYL\u00dcL MAS\u0130F A\u011eA\u00c7 180X180 \u00c7OK AMA\u00c7LI K\u0130TAPLIK - Wood Work Antalya","isPartOf":{"@id":"https:\/\/woodworkantalya.com.tr\/#website"},"primaryImageOfPage":{"@id":"http:\/\/woodworkantalya.com.tr\/index.php\/urun\/eylul-masif-agac-180x180-cok-amacli-kitaplik\/#primaryimage"},"image":{"@id":"http:\/\/woodworkantalya.com.tr\/index.php\/urun\/eylul-masif-agac-180x180-cok-amacli-kitaplik\/#primaryimage"},"thumbnailUrl":"http:\/\/woodworkantalya.com.tr\/wp-content\/uploads\/2025\/12\/kt.jpg","datePublished":"2025-12-31T19:51:27+00:00","dateModified":"2026-03-02T18:18:29+00:00","breadcrumb":{"@id":"http:\/\/woodworkantalya.com.tr\/index.php\/urun\/eylul-masif-agac-180x180-cok-amacli-kitaplik\/#breadcrumb"},"inLanguage":"tr","potentialAction":[{"@type":"ReadAction","target":["http:\/\/woodworkantalya.com.tr\/index.php\/urun\/eylul-masif-agac-180x180-cok-amacli-kitaplik\/"]}]},{"@type":"ImageObject","inLanguage":"tr","@id":"http:\/\/woodworkantalya.com.tr\/index.php\/urun\/eylul-masif-agac-180x180-cok-amacli-kitaplik\/#primaryimage","url":"http:\/\/woodworkantalya.com.tr\/wp-content\/uploads\/2025\/12\/kt.jpg","contentUrl":"http:\/\/woodworkantalya.com.tr\/wp-content\/uploads\/2025\/12\/kt.jpg","width":687,"height":1024},{"@type":"BreadcrumbList","@id":"http:\/\/woodworkantalya.com.tr\/index.php\/urun\/eylul-masif-agac-180x180-cok-amacli-kitaplik\/#breadcrumb","itemListElement":[{"@type":"ListItem","position":1,"name":"Anasayfa","item":"https:\/\/woodworkantalya.com.tr\/"},{"@type":"ListItem","position":2,"name":"T\u00fcm \u00dcr\u00fcnler","item":"https:\/\/woodworkantalya.com.tr\/index.php\/shop\/"},{"@type":"ListItem","position":3,"name":"EYL\u00dcL MAS\u0130F A\u011eA\u00c7 180X180 \u00c7OK AMA\u00c7LI K\u0130TAPLIK"}]},{"@type":"WebSite","@id":"https:\/\/woodworkantalya.com.tr\/#website","url":"https:\/\/woodworkantalya.com.tr\/","name":"Wood Work Antalya","description":"","publisher":{"@id":"https:\/\/woodworkantalya.com.tr\/#organization"},"potentialAction":[{"@type":"SearchAction","target":{"@type":"EntryPoint","urlTemplate":"https:\/\/woodworkantalya.com.tr\/?s={search_term_string}"},"query-input":{"@type":"PropertyValueSpecification","valueRequired":true,"valueName":"search_term_string"}}],"inLanguage":"tr"},{"@type":"Organization","@id":"https:\/\/woodworkantalya.com.tr\/#organization","name":"Wood Work Antalya","url":"https:\/\/woodworkantalya.com.tr\/","logo":{"@type":"ImageObject","inLanguage":"tr","@id":"https:\/\/woodworkantalya.com.tr\/#\/schema\/logo\/image\/","url":"http:\/\/woodworkantalya.com.tr\/wp-content\/uploads\/2024\/01\/woodwork-logo.png","contentUrl":"http:\/\/woodworkantalya.com.tr\/wp-content\/uploads\/2024\/01\/woodwork-logo.png","width":500,"height":500,"caption":"Wood Work Antalya"},"image":{"@id":"https:\/\/woodworkantalya.com.tr\/#\/schema\/logo\/image\/"}}]}},"_links":{"self":[{"href":"http:\/\/woodworkantalya.com.tr\/index.php\/wp-json\/wp\/v2\/product\/2293","targetHints":{"allow":["GET"]}}],"collection":[{"href":"http:\/\/woodworkantalya.com.tr\/index.php\/wp-json\/wp\/v2\/product"}],"about":[{"href":"http:\/\/woodworkantalya.com.tr\/index.php\/wp-json\/wp\/v2\/types\/product"}],"replies":[{"embeddable":true,"href":"http:\/\/woodworkantalya.com.tr\/index.php\/wp-json\/wp\/v2\/comments?post=2293"}],"wp:featuredmedia":[{"embeddable":true,"href":"http:\/\/woodworkantalya.com.tr\/index.php\/wp-json\/wp\/v2\/media\/2294"}],"wp:attachment":[{"href":"http:\/\/woodworkantalya.com.tr\/index.php\/wp-json\/wp\/v2\/media?parent=2293"}],"wp:term":[{"taxonomy":"product_brand","embeddable":true,"href":"http:\/\/woodworkantalya.com.tr\/index.php\/wp-json\/wp\/v2\/product_brand?post=2293"},{"taxonomy":"product_cat","embeddable":true,"href":"http:\/\/woodworkantalya.com.tr\/index.php\/wp-json\/wp\/v2\/product_cat?post=2293"},{"taxonomy":"product_tag","embeddable":true,"href":"http:\/\/woodworkantalya.com.tr\/index.php\/wp-json\/wp\/v2\/product_tag?post=2293"}],"curies":[{"name":"wp","href":"https:\/\/api.w.org\/{rel}","templated":true}]}}