{"id":1953,"date":"2025-04-12T15:55:09","date_gmt":"2025-04-12T12:55:09","guid":{"rendered":"https:\/\/woodworkantalya.com.tr\/?post_type=product&#038;p=1953"},"modified":"2026-04-05T14:25:39","modified_gmt":"2026-04-05T11:25:39","slug":"2li-teak-kahve-kanepe","status":"publish","type":"product","link":"https:\/\/woodworkantalya.com.tr\/index.php\/urun\/2li-teak-kahve-kanepe\/","title":{"rendered":"2li Teak Kahve Kanepe"},"content":{"rendered":"<p>\u00dcr\u00fcn\u00fcm\u00fcz 1 Adet , 1 Adet Oturma Minderi , 2 Adet S\u0131rt Yast\u0131\u011f\u0131 Ve 2 Adet K\u0131rlent \u015eeklinde G\u00f6nderilecektir. \u00dcr\u00fcn\u00fcm\u00fcz\u00fcn i 1.S\u0131n\u0131f F\u0131r\u0131nlanm\u0131\u015f Masif \u00c7am A\u011fac\u0131ndan Tamamen El \u0130\u015f\u00e7ili\u011fi \u0130le \u00dcretilmektedir. \u00dcr\u00fcn\u00fcm\u00fczde Su Bazl\u0131 (Pinote x ) Ah\u015fap Koruyucu Uygulanm\u0131\u015ft\u0131r. \u00dcr\u00fcn\u00fcm\u00fcz\u00fcn Minderi Keten Kuma\u015f Ve Minder Dolgusu Boncuk Elyaf Ve K\u0131rp\u0131k S\u00fcnger Kar\u0131\u015f\u0131m\u0131ndan Olu\u015fmaktad\u0131r. \u00dcr\u00fcn\u00fcm\u00fcz\u00fcn S\u0131rt Ve Kollar\u0131 Demonte Bir \u015eekilde G\u00f6nderilmektedir Kurulumu Son Derece Basit Olup Vida Ve Kurulum Klavuzu Kutu \u0130\u00e7erisindedir. Foto\u011fraf \u00c7ekiminde Kullan\u0131lan Aksesuarlar Fiyata Dahil De\u011fildir.<\/p>\n","protected":false},"excerpt":{"rendered":"<p>\u00dcr\u00fcn\u00fcm\u00fcz 1 Adet , 1 Adet Oturma Minderi , 2 Adet S\u0131rt Yast\u0131\u011f\u0131 Ve 2 Adet K\u0131rlent \u015eeklinde G\u00f6nderilecektir. \u00dcr\u00fcn\u00fcm\u00fcz\u00fcn i 1.S\u0131n\u0131f F\u0131r\u0131nlanm\u0131\u015f Masif \u00c7am A\u011fac\u0131ndan Tamamen El \u0130\u015f\u00e7ili\u011fi \u0130le [&hellip;]<\/p>\n","protected":false},"featured_media":2242,"comment_status":"open","ping_status":"closed","template":"","meta":[],"product_brand":[],"product_cat":[37,44],"product_tag":[],"class_list":{"0":"post-1953","1":"product","2":"type-product","3":"status-publish","4":"has-post-thumbnail","6":"product_cat-kanepeler","7":"product_cat-oturma-odalari","9":"first","10":"instock","11":"sale","12":"shipping-taxable","13":"purchasable","14":"product-type-simple"},"yoast_head":"<!-- This site is optimized with the Yoast SEO plugin v25.5 - https:\/\/yoast.com\/wordpress\/plugins\/seo\/ -->\n<title>2li Teak Kahve Kanepe - Wood Work Antalya<\/title>\n<meta name=\"robots\" content=\"index, follow, max-snippet:-1, max-image-preview:large, max-video-preview:-1\" \/>\n<link rel=\"canonical\" href=\"https:\/\/woodworkantalya.com.tr\/index.php\/urun\/2li-teak-kahve-kanepe\/\" \/>\n<meta property=\"og:locale\" content=\"tr_TR\" \/>\n<meta property=\"og:type\" content=\"article\" \/>\n<meta property=\"og:title\" content=\"2li Teak Kahve Kanepe - Wood Work Antalya\" \/>\n<meta property=\"og:description\" content=\"\u00dcr\u00fcn\u00fcm\u00fcz 1 Adet , 1 Adet Oturma Minderi , 2 Adet S\u0131rt Yast\u0131\u011f\u0131 Ve 2 Adet K\u0131rlent \u015eeklinde G\u00f6nderilecektir. \u00dcr\u00fcn\u00fcm\u00fcz\u00fcn i 1.S\u0131n\u0131f F\u0131r\u0131nlanm\u0131\u015f Masif \u00c7am A\u011fac\u0131ndan Tamamen El \u0130\u015f\u00e7ili\u011fi \u0130le [&hellip;]\" \/>\n<meta property=\"og:url\" content=\"https:\/\/woodworkantalya.com.tr\/index.php\/urun\/2li-teak-kahve-kanepe\/\" \/>\n<meta property=\"og:site_name\" content=\"Wood Work Antalya\" \/>\n<meta property=\"article:modified_time\" content=\"2026-04-05T11:25:39+00:00\" \/>\n<meta property=\"og:image\" content=\"https:\/\/woodworkantalya.com.tr\/wp-content\/uploads\/2025\/04\/kt1.jpg\" \/>\n\t<meta property=\"og:image:width\" content=\"2000\" \/>\n\t<meta property=\"og:image:height\" content=\"2000\" \/>\n\t<meta property=\"og:image:type\" content=\"image\/jpeg\" \/>\n<meta name=\"twitter:card\" content=\"summary_large_image\" \/>\n<meta name=\"twitter:label1\" content=\"Tahmini okuma s\u00fcresi\" \/>\n\t<meta name=\"twitter:data1\" content=\"1 dakika\" \/>\n<script type=\"application\/ld+json\" class=\"yoast-schema-graph\">{\"@context\":\"https:\/\/schema.org\",\"@graph\":[{\"@type\":\"WebPage\",\"@id\":\"https:\/\/woodworkantalya.com.tr\/index.php\/urun\/2li-teak-kahve-kanepe\/\",\"url\":\"https:\/\/woodworkantalya.com.tr\/index.php\/urun\/2li-teak-kahve-kanepe\/\",\"name\":\"2li Teak Kahve Kanepe - Wood Work Antalya\",\"isPartOf\":{\"@id\":\"https:\/\/woodworkantalya.com.tr\/#website\"},\"primaryImageOfPage\":{\"@id\":\"https:\/\/woodworkantalya.com.tr\/index.php\/urun\/2li-teak-kahve-kanepe\/#primaryimage\"},\"image\":{\"@id\":\"https:\/\/woodworkantalya.com.tr\/index.php\/urun\/2li-teak-kahve-kanepe\/#primaryimage\"},\"thumbnailUrl\":\"https:\/\/woodworkantalya.com.tr\/wp-content\/uploads\/2025\/04\/kt1.jpg\",\"datePublished\":\"2025-04-12T12:55:09+00:00\",\"dateModified\":\"2026-04-05T11:25:39+00:00\",\"breadcrumb\":{\"@id\":\"https:\/\/woodworkantalya.com.tr\/index.php\/urun\/2li-teak-kahve-kanepe\/#breadcrumb\"},\"inLanguage\":\"tr\",\"potentialAction\":[{\"@type\":\"ReadAction\",\"target\":[\"https:\/\/woodworkantalya.com.tr\/index.php\/urun\/2li-teak-kahve-kanepe\/\"]}]},{\"@type\":\"ImageObject\",\"inLanguage\":\"tr\",\"@id\":\"https:\/\/woodworkantalya.com.tr\/index.php\/urun\/2li-teak-kahve-kanepe\/#primaryimage\",\"url\":\"https:\/\/woodworkantalya.com.tr\/wp-content\/uploads\/2025\/04\/kt1.jpg\",\"contentUrl\":\"https:\/\/woodworkantalya.com.tr\/wp-content\/uploads\/2025\/04\/kt1.jpg\",\"width\":2000,\"height\":2000},{\"@type\":\"BreadcrumbList\",\"@id\":\"https:\/\/woodworkantalya.com.tr\/index.php\/urun\/2li-teak-kahve-kanepe\/#breadcrumb\",\"itemListElement\":[{\"@type\":\"ListItem\",\"position\":1,\"name\":\"Anasayfa\",\"item\":\"https:\/\/woodworkantalya.com.tr\/\"},{\"@type\":\"ListItem\",\"position\":2,\"name\":\"T\u00fcm \u00dcr\u00fcnler\",\"item\":\"https:\/\/woodworkantalya.com.tr\/index.php\/shop\/\"},{\"@type\":\"ListItem\",\"position\":3,\"name\":\"2li Teak Kahve Kanepe\"}]},{\"@type\":\"WebSite\",\"@id\":\"https:\/\/woodworkantalya.com.tr\/#website\",\"url\":\"https:\/\/woodworkantalya.com.tr\/\",\"name\":\"Wood Work Antalya\",\"description\":\"\",\"publisher\":{\"@id\":\"https:\/\/woodworkantalya.com.tr\/#organization\"},\"potentialAction\":[{\"@type\":\"SearchAction\",\"target\":{\"@type\":\"EntryPoint\",\"urlTemplate\":\"https:\/\/woodworkantalya.com.tr\/?s={search_term_string}\"},\"query-input\":{\"@type\":\"PropertyValueSpecification\",\"valueRequired\":true,\"valueName\":\"search_term_string\"}}],\"inLanguage\":\"tr\"},{\"@type\":\"Organization\",\"@id\":\"https:\/\/woodworkantalya.com.tr\/#organization\",\"name\":\"Wood Work Antalya\",\"url\":\"https:\/\/woodworkantalya.com.tr\/\",\"logo\":{\"@type\":\"ImageObject\",\"inLanguage\":\"tr\",\"@id\":\"https:\/\/woodworkantalya.com.tr\/#\/schema\/logo\/image\/\",\"url\":\"https:\/\/woodworkantalya.com.tr\/wp-content\/uploads\/2024\/01\/woodwork-logo.png\",\"contentUrl\":\"https:\/\/woodworkantalya.com.tr\/wp-content\/uploads\/2024\/01\/woodwork-logo.png\",\"width\":500,\"height\":500,\"caption\":\"Wood Work Antalya\"},\"image\":{\"@id\":\"https:\/\/woodworkantalya.com.tr\/#\/schema\/logo\/image\/\"}}]}<\/script>\n<!-- \/ Yoast SEO plugin. -->","yoast_head_json":{"title":"2li Teak Kahve Kanepe - Wood Work Antalya","robots":{"index":"index","follow":"follow","max-snippet":"max-snippet:-1","max-image-preview":"max-image-preview:large","max-video-preview":"max-video-preview:-1"},"canonical":"https:\/\/woodworkantalya.com.tr\/index.php\/urun\/2li-teak-kahve-kanepe\/","og_locale":"tr_TR","og_type":"article","og_title":"2li Teak Kahve Kanepe - Wood Work Antalya","og_description":"\u00dcr\u00fcn\u00fcm\u00fcz 1 Adet , 1 Adet Oturma Minderi , 2 Adet S\u0131rt Yast\u0131\u011f\u0131 Ve 2 Adet K\u0131rlent \u015eeklinde G\u00f6nderilecektir. \u00dcr\u00fcn\u00fcm\u00fcz\u00fcn i 1.S\u0131n\u0131f F\u0131r\u0131nlanm\u0131\u015f Masif \u00c7am A\u011fac\u0131ndan Tamamen El \u0130\u015f\u00e7ili\u011fi \u0130le [&hellip;]","og_url":"https:\/\/woodworkantalya.com.tr\/index.php\/urun\/2li-teak-kahve-kanepe\/","og_site_name":"Wood Work Antalya","article_modified_time":"2026-04-05T11:25:39+00:00","og_image":[{"width":2000,"height":2000,"url":"https:\/\/woodworkantalya.com.tr\/wp-content\/uploads\/2025\/04\/kt1.jpg","type":"image\/jpeg"}],"twitter_card":"summary_large_image","twitter_misc":{"Tahmini okuma s\u00fcresi":"1 dakika"},"schema":{"@context":"https:\/\/schema.org","@graph":[{"@type":"WebPage","@id":"https:\/\/woodworkantalya.com.tr\/index.php\/urun\/2li-teak-kahve-kanepe\/","url":"https:\/\/woodworkantalya.com.tr\/index.php\/urun\/2li-teak-kahve-kanepe\/","name":"2li Teak Kahve Kanepe - Wood Work Antalya","isPartOf":{"@id":"https:\/\/woodworkantalya.com.tr\/#website"},"primaryImageOfPage":{"@id":"https:\/\/woodworkantalya.com.tr\/index.php\/urun\/2li-teak-kahve-kanepe\/#primaryimage"},"image":{"@id":"https:\/\/woodworkantalya.com.tr\/index.php\/urun\/2li-teak-kahve-kanepe\/#primaryimage"},"thumbnailUrl":"https:\/\/woodworkantalya.com.tr\/wp-content\/uploads\/2025\/04\/kt1.jpg","datePublished":"2025-04-12T12:55:09+00:00","dateModified":"2026-04-05T11:25:39+00:00","breadcrumb":{"@id":"https:\/\/woodworkantalya.com.tr\/index.php\/urun\/2li-teak-kahve-kanepe\/#breadcrumb"},"inLanguage":"tr","potentialAction":[{"@type":"ReadAction","target":["https:\/\/woodworkantalya.com.tr\/index.php\/urun\/2li-teak-kahve-kanepe\/"]}]},{"@type":"ImageObject","inLanguage":"tr","@id":"https:\/\/woodworkantalya.com.tr\/index.php\/urun\/2li-teak-kahve-kanepe\/#primaryimage","url":"https:\/\/woodworkantalya.com.tr\/wp-content\/uploads\/2025\/04\/kt1.jpg","contentUrl":"https:\/\/woodworkantalya.com.tr\/wp-content\/uploads\/2025\/04\/kt1.jpg","width":2000,"height":2000},{"@type":"BreadcrumbList","@id":"https:\/\/woodworkantalya.com.tr\/index.php\/urun\/2li-teak-kahve-kanepe\/#breadcrumb","itemListElement":[{"@type":"ListItem","position":1,"name":"Anasayfa","item":"https:\/\/woodworkantalya.com.tr\/"},{"@type":"ListItem","position":2,"name":"T\u00fcm \u00dcr\u00fcnler","item":"https:\/\/woodworkantalya.com.tr\/index.php\/shop\/"},{"@type":"ListItem","position":3,"name":"2li Teak Kahve Kanepe"}]},{"@type":"WebSite","@id":"https:\/\/woodworkantalya.com.tr\/#website","url":"https:\/\/woodworkantalya.com.tr\/","name":"Wood Work Antalya","description":"","publisher":{"@id":"https:\/\/woodworkantalya.com.tr\/#organization"},"potentialAction":[{"@type":"SearchAction","target":{"@type":"EntryPoint","urlTemplate":"https:\/\/woodworkantalya.com.tr\/?s={search_term_string}"},"query-input":{"@type":"PropertyValueSpecification","valueRequired":true,"valueName":"search_term_string"}}],"inLanguage":"tr"},{"@type":"Organization","@id":"https:\/\/woodworkantalya.com.tr\/#organization","name":"Wood Work Antalya","url":"https:\/\/woodworkantalya.com.tr\/","logo":{"@type":"ImageObject","inLanguage":"tr","@id":"https:\/\/woodworkantalya.com.tr\/#\/schema\/logo\/image\/","url":"https:\/\/woodworkantalya.com.tr\/wp-content\/uploads\/2024\/01\/woodwork-logo.png","contentUrl":"https:\/\/woodworkantalya.com.tr\/wp-content\/uploads\/2024\/01\/woodwork-logo.png","width":500,"height":500,"caption":"Wood Work Antalya"},"image":{"@id":"https:\/\/woodworkantalya.com.tr\/#\/schema\/logo\/image\/"}}]}},"_links":{"self":[{"href":"https:\/\/woodworkantalya.com.tr\/index.php\/wp-json\/wp\/v2\/product\/1953","targetHints":{"allow":["GET"]}}],"collection":[{"href":"https:\/\/woodworkantalya.com.tr\/index.php\/wp-json\/wp\/v2\/product"}],"about":[{"href":"https:\/\/woodworkantalya.com.tr\/index.php\/wp-json\/wp\/v2\/types\/product"}],"replies":[{"embeddable":true,"href":"https:\/\/woodworkantalya.com.tr\/index.php\/wp-json\/wp\/v2\/comments?post=1953"}],"wp:featuredmedia":[{"embeddable":true,"href":"https:\/\/woodworkantalya.com.tr\/index.php\/wp-json\/wp\/v2\/media\/2242"}],"wp:attachment":[{"href":"https:\/\/woodworkantalya.com.tr\/index.php\/wp-json\/wp\/v2\/media?parent=1953"}],"wp:term":[{"taxonomy":"product_brand","embeddable":true,"href":"https:\/\/woodworkantalya.com.tr\/index.php\/wp-json\/wp\/v2\/product_brand?post=1953"},{"taxonomy":"product_cat","embeddable":true,"href":"https:\/\/woodworkantalya.com.tr\/index.php\/wp-json\/wp\/v2\/product_cat?post=1953"},{"taxonomy":"product_tag","embeddable":true,"href":"https:\/\/woodworkantalya.com.tr\/index.php\/wp-json\/wp\/v2\/product_tag?post=1953"}],"curies":[{"name":"wp","href":"https:\/\/api.w.org\/{rel}","templated":true}]}}